{"id":1875,"date":"2018-08-14T13:12:30","date_gmt":"2018-08-14T11:12:30","guid":{"rendered":"https:\/\/www.daetwyler-sports-villars.ch\/en\/?page_id=1875"},"modified":"2021-10-18T13:32:05","modified_gmt":"2021-10-18T11:32:05","slug":"women","status":"publish","type":"page","link":"https:\/\/www.daetwyler-sports-villars.ch\/en\/women\/","title":{"rendered":"WOMEN"},"content":{"rendered":"[mk_page_section bg_image=&#8221;https:\/\/www.daetwyler-sports-villars.ch\/wp-content\/uploads\/2017\/10\/daetwyler-sports-sportswear-femme-1.jpg&#8221; bg_position=&#8221;center center&#8221; bg_repeat=&#8221;no-repeat&#8221; bg_stretch=&#8221;true&#8221; min_height=&#8221;0&#8243; full_width=&#8221;true&#8221; full_height=&#8221;true&#8221; padding_top=&#8221;0&#8243; padding_bottom=&#8221;0&#8243; el_class=&#8221;section-height&#8221; sidebar=&#8221;sidebar-1&#8243;][vc_column css=&#8221;.vc_custom_1509706164751{padding-top: 36vh !important;padding-bottom: 36vh !important;}&#8221;][\/vc_column][\/mk_page_section][mk_page_section bg_color=&#8221;#000000&#8243; full_width=&#8221;true&#8221; padding_top=&#8221;0&#8243; padding_bottom=&#8221;0&#8243; sidebar=&#8221;sidebar-1&#8243;][vc_column][mk_fancy_title color=&#8221;#ffffff&#8221; size=&#8221;40&#8243; txt_transform=&#8221;uppercase&#8221; letter_spacing=&#8221;5&#8243; margin_top=&#8221;80&#8243; margin_bottom=&#8221;80&#8243; font_family=&#8221;none&#8221; align=&#8221;center&#8221;]Women[\/mk_fancy_title][\/vc_column][\/mk_page_section][mk_page_section layout_structure=&#8221;half_left&#8221; bg_image=&#8221;https:\/\/www.daetwyler-sports-villars.ch\/wp-content\/uploads\/2017\/10\/dtwyler-sports-sportswear-femmes1-e1511449888792.jpg&#8221; bg_color=&#8221;#222222&#8243; min_height=&#8221;600&#8243; full_width=&#8221;true&#8221; js_vertical_centered=&#8221;true&#8221; padding_top=&#8221;0&#8243; padding_bottom=&#8221;0&#8243;][vc_column css=&#8221;.vc_custom_1512057708801{padding-right: 50px !important;padding-left: 70px !important;background-color: #222222 !important;}&#8221;][vc_column_text el_class=&#8221;txt-sport&#8221; css=&#8221;.vc_custom_1534245097507{margin-bottom: 0px !important;padding-top: 25px !important;padding-bottom: 25px !important;}&#8221;]\n<p class=\"normal\" style=\"text-align: left;\">Find everything you need to combine sport and fashion in this welcoming chalet environment.<\/p>\n<p>Choose from our selection of accessories such as gloves, hats, glasses, scarves etc to match your outfit or simply treat yourself to something new.<\/p>\n<p>Just pop in. We&#8217;ll be happy to help.<\/p>\n[\/vc_column_text][\/vc_column][\/mk_page_section][mk_page_section bg_color=&#8221;#000000&#8243; full_width=&#8221;true&#8221; padding_top=&#8221;70&#8243; padding_bottom=&#8221;40&#8243; visibility=&#8221;hidden-sm&#8221; sidebar=&#8221;sidebar-1&#8243;][vc_column][vc_images_carousel images=&#8221;1250,1251,1252,1253,1254,1255,1256,1257,1258,1259,1260,1261,1695,1692,1697,1696,1266,1703,1268,1269,1701,1271,1272,1700,1274,1275,1276,1277,1278,1279,1280,1281,1282,1283&#8243; img_size=&#8221;&#8221; speed=&#8221;2000&#8243; slides_per_view=&#8221;5&#8243; autoplay=&#8221;yes&#8221; hide_pagination_control=&#8221;yes&#8221; wrap=&#8221;yes&#8221;][\/vc_column][\/mk_page_section][mk_page_section bg_color=&#8221;#000000&#8243; full_width=&#8221;true&#8221; padding_top=&#8221;70&#8243; padding_bottom=&#8221;40&#8243; visibility=&#8221;visible-sm&#8221; sidebar=&#8221;sidebar-1&#8243;][vc_column][vc_images_carousel images=&#8221;1250,1251,1252,1253,1254,1255,1256,1257,1258,1259,1260,1261,1695,1692,1697,1696,1266,1703,1268,1269,1701,1271,1272,1700,1274,1275,1276,1277,1278,1279,1280,1281,1282,1283&#8243; img_size=&#8221;&#8221; speed=&#8221;2000&#8243; slides_per_view=&#8221;2&#8243; autoplay=&#8221;yes&#8221; hide_pagination_control=&#8221;yes&#8221; wrap=&#8221;yes&#8221;][\/vc_column][\/mk_page_section][mk_page_section full_width=&#8221;true&#8221; padding_top=&#8221;0&#8243; padding_bottom=&#8221;0&#8243; visibility=&#8221;hidden-sm&#8221; sidebar=&#8221;sidebar-1&#8243;][vc_column][mk_gallery images=&#8221;1284,1285,1286,1287,1527&#8243; column=&#8221;5&#8243; height=&#8221;320&#8243; item_spacing=&#8221;0&#8243; margin_bottom=&#8221;0&#8243;][\/vc_column][\/mk_page_section][mk_page_section full_width=&#8221;true&#8221; padding_top=&#8221;0&#8243; padding_bottom=&#8221;0&#8243; visibility=&#8221;visible-sm&#8221; sidebar=&#8221;sidebar-1&#8243;][vc_column][mk_fullwidth_slideshow padding=&#8221;0&#8243; images=&#8221;1284,1285,1286,1287,1527&#8243; stretch_images=&#8221;true&#8221; slideshow_speed=&#8221;3000&#8243;][\/vc_column][\/mk_page_section][mk_page_section full_width=&#8221;true&#8221; padding_top=&#8221;0&#8243; padding_bottom=&#8221;0&#8243; sidebar=&#8221;sidebar-1&#8243;][vc_column width=&#8221;1\/2&#8243; css=&#8221;.vc_custom_1509355757214{background-color: #222222 !important;}&#8221; el_class=&#8221;back-color&#8221;][vc_empty_space height=&#8221;76&#8243;][mk_image src=&#8221;https:\/\/www.daetwyler-sports-villars.ch\/wp-content\/uploads\/2017\/12\/book-online-blanc.png&#8221; image_size=&#8221;full&#8221; link=&#8221;http:\/\/easyresv3.wintersteiger.at\/index_easyrent.php?shopid=100307&#8243; target=&#8221;_blank&#8221; align=&#8221;center&#8221; margin_bottom=&#8221;-50&#8243;][\/vc_column][vc_column width=&#8221;1\/2&#8243; css=&#8221;.vc_custom_1509355768108{background-color: #fa0201 !important;}&#8221; el_class=&#8221;back-color&#8221;][vc_empty_space height=&#8221;76&#8243;][mk_image src=&#8221;https:\/\/www.daetwyler-sports-villars.ch\/wp-content\/uploads\/2017\/10\/phone.png&#8221; image_size=&#8221;full&#8221; link=&#8221;https:\/\/www.daetwyler-sports-villars.ch\/en\/contact\/&#8221; align=&#8221;center&#8221; margin_bottom=&#8221;-50&#8243;][mk_fancy_title color=&#8221;#000000&#8243; size=&#8221;25&#8243; font_weight=&#8221;bold&#8221; margin_top=&#8221;75&#8243; font_family=&#8221;none&#8221; align=&#8221;center&#8221;]<a style=\"color: #000;\" href=\"https:\/\/www.daetwyler-sports-villars.ch\/en\/contact\/\">CONTACT US<\/a>[\/mk_fancy_title][\/vc_column][\/mk_page_section][mk_page_section min_height=&#8221;0&#8243; padding_top=&#8221;0&#8243; padding_bottom=&#8221;0&#8243; margin_bottom=&#8221;-2&#8243; sidebar=&#8221;sidebar-1&#8243;][vc_column][mk_image src=&#8221;https:\/\/www.daetwyler-sports-villars.ch\/wp-content\/uploads\/2017\/12\/book-online-blanc.png&#8221; image_size=&#8221;full&#8221; link=&#8221;http:\/\/easyresv3.wintersteiger.at\/index_easyrent.php?shopid=100307&#8243; target=&#8221;_blank&#8221; align=&#8221;right&#8221; el_class=&#8221;flottant&#8221;][\/vc_column][\/mk_page_section]\n","protected":false},"excerpt":{"rendered":"<p>[mk_page_section bg_image=&#8221;https:\/\/www.daetwyler-sports-villars.ch\/wp-content\/uploads\/2017\/10\/daetwyler-sports-sportswear-femme-1.jpg&#8221; bg_position=&#8221;center center&#8221; bg_repeat=&#8221;no-repeat&#8221; bg_stretch=&#8221;true&#8221; min_height=&#8221;0&#8243; full_width=&#8221;true&#8221; full_height=&#8221;true&#8221; padding_top=&#8221;0&#8243; padding_bottom=&#8221;0&#8243; el_class=&#8221;section-height&#8221; sidebar=&#8221;sidebar-1&#8243;][vc_column css=&#8221;.vc_custom_1509706164751{padding-top: 36vh !important;padding-bottom: 36vh !important;}&#8221;][\/vc_column][\/mk_page_section][mk_page_section bg_color=&#8221;#000000&#8243; full_width=&#8221;true&#8221; padding_top=&#8221;0&#8243; padding_bottom=&#8221;0&#8243; sidebar=&#8221;sidebar-1&#8243;][vc_column][mk_fancy_title color=&#8221;#ffffff&#8221; size=&#8221;40&#8243; txt_transform=&#8221;uppercase&#8221; letter_spacing=&#8221;5&#8243; margin_top=&#8221;80&#8243; margin_bottom=&#8221;80&#8243; font_family=&#8221;none&#8221; align=&#8221;center&#8221;]Women[\/mk_fancy_title][\/vc_column][\/mk_page_section][mk_page_section layout_structure=&#8221;half_left&#8221; bg_image=&#8221;https:\/\/www.daetwyler-sports-villars.ch\/wp-content\/uploads\/2017\/10\/dtwyler-sports-sportswear-femmes1-e1511449888792.jpg&#8221; bg_color=&#8221;#222222&#8243; min_height=&#8221;600&#8243; full_width=&#8221;true&#8221; js_vertical_centered=&#8221;true&#8221; padding_top=&#8221;0&#8243; padding_bottom=&#8221;0&#8243;][vc_column css=&#8221;.vc_custom_1512057708801{padding-right: 50px !important;padding-left: 70px !important;background-color: #222222 !important;}&#8221;][vc_column_text el_class=&#8221;txt-sport&#8221; css=&#8221;.vc_custom_1534245097507{margin-bottom: 0px !important;padding-top: 25px !important;padding-bottom: 25px !important;}&#8221;] Find [&hellip;]<\/p>\n","protected":false},"author":7,"featured_media":0,"parent":0,"menu_order":0,"comment_status":"closed","ping_status":"closed","template":"","meta":{"footnotes":""},"yoast_head":"<!-- This site is optimized with the Yoast SEO plugin v22.8 - https:\/\/yoast.com\/wordpress\/plugins\/seo\/ -->\n<title>Our women&#039;s sportswear range | Daetwyler Sports<\/title>\n<meta name=\"description\" content=\"Find the best women&#039;s sportswear brands at Daetwyler Sports!\" \/>\n<meta name=\"robots\" content=\"index, follow, max-snippet:-1, max-image-preview:large, max-video-preview:-1\" \/>\n<link rel=\"canonical\" href=\"https:\/\/www.daetwyler-sports-villars.ch\/femme\/\" \/>\n<meta property=\"og:locale\" content=\"en_US\" \/>\n<meta property=\"og:type\" content=\"article\" \/>\n<meta property=\"og:title\" content=\"Our women&#039;s sportswear range | Daetwyler Sports\" \/>\n<meta property=\"og:description\" content=\"Find the best women&#039;s sportswear brands at Daetwyler Sports!\" \/>\n<meta property=\"og:url\" content=\"https:\/\/www.daetwyler-sports-villars.ch\/femme\/\" \/>\n<meta property=\"og:site_name\" content=\"Daetwyler Sports\" \/>\n<meta property=\"article:modified_time\" content=\"2021-10-18T11:32:05+00:00\" \/>\n<meta name=\"twitter:card\" content=\"summary_large_image\" \/>\n<meta name=\"twitter:label1\" content=\"Est. reading time\" \/>\n\t<meta name=\"twitter:data1\" content=\"1 minute\" \/>\n<script type=\"application\/ld+json\" class=\"yoast-schema-graph\">{\"@context\":\"https:\/\/schema.org\",\"@graph\":[{\"@type\":\"WebPage\",\"@id\":\"https:\/\/www.daetwyler-sports-villars.ch\/femme\/\",\"url\":\"https:\/\/www.daetwyler-sports-villars.ch\/femme\/\",\"name\":\"Our women's sportswear range | Daetwyler Sports\",\"isPartOf\":{\"@id\":\"https:\/\/www.daetwyler-sports-villars.ch\/#website\"},\"datePublished\":\"2018-08-14T11:12:30+00:00\",\"dateModified\":\"2021-10-18T11:32:05+00:00\",\"description\":\"Find the best women's sportswear brands at Daetwyler Sports!\",\"breadcrumb\":{\"@id\":\"https:\/\/www.daetwyler-sports-villars.ch\/femme\/#breadcrumb\"},\"inLanguage\":\"en-US\",\"potentialAction\":[{\"@type\":\"ReadAction\",\"target\":[\"https:\/\/www.daetwyler-sports-villars.ch\/femme\/\"]}]},{\"@type\":\"BreadcrumbList\",\"@id\":\"https:\/\/www.daetwyler-sports-villars.ch\/femme\/#breadcrumb\",\"itemListElement\":[{\"@type\":\"ListItem\",\"position\":1,\"name\":\"Accueil\",\"item\":\"https:\/\/www.daetwyler-sports-villars.ch\/en\/\"},{\"@type\":\"ListItem\",\"position\":2,\"name\":\"WOMEN\"}]},{\"@type\":\"WebSite\",\"@id\":\"https:\/\/www.daetwyler-sports-villars.ch\/#website\",\"url\":\"https:\/\/www.daetwyler-sports-villars.ch\/\",\"name\":\"Daetwyler Sports\",\"description\":\"Des passionn\u00e9es de sports \u00e0 votre \u00e9coute\",\"potentialAction\":[{\"@type\":\"SearchAction\",\"target\":{\"@type\":\"EntryPoint\",\"urlTemplate\":\"https:\/\/www.daetwyler-sports-villars.ch\/?s={search_term_string}\"},\"query-input\":\"required name=search_term_string\"}],\"inLanguage\":\"en-US\"}]}<\/script>\n<!-- \/ Yoast SEO plugin. -->","yoast_head_json":{"title":"Our women's sportswear range | Daetwyler Sports","description":"Find the best women's sportswear brands at Daetwyler Sports!","robots":{"index":"index","follow":"follow","max-snippet":"max-snippet:-1","max-image-preview":"max-image-preview:large","max-video-preview":"max-video-preview:-1"},"canonical":"https:\/\/www.daetwyler-sports-villars.ch\/femme\/","og_locale":"en_US","og_type":"article","og_title":"Our women's sportswear range | Daetwyler Sports","og_description":"Find the best women's sportswear brands at Daetwyler Sports!","og_url":"https:\/\/www.daetwyler-sports-villars.ch\/femme\/","og_site_name":"Daetwyler Sports","article_modified_time":"2021-10-18T11:32:05+00:00","twitter_card":"summary_large_image","twitter_misc":{"Est. reading time":"1 minute"},"schema":{"@context":"https:\/\/schema.org","@graph":[{"@type":"WebPage","@id":"https:\/\/www.daetwyler-sports-villars.ch\/femme\/","url":"https:\/\/www.daetwyler-sports-villars.ch\/femme\/","name":"Our women's sportswear range | Daetwyler Sports","isPartOf":{"@id":"https:\/\/www.daetwyler-sports-villars.ch\/#website"},"datePublished":"2018-08-14T11:12:30+00:00","dateModified":"2021-10-18T11:32:05+00:00","description":"Find the best women's sportswear brands at Daetwyler Sports!","breadcrumb":{"@id":"https:\/\/www.daetwyler-sports-villars.ch\/femme\/#breadcrumb"},"inLanguage":"en-US","potentialAction":[{"@type":"ReadAction","target":["https:\/\/www.daetwyler-sports-villars.ch\/femme\/"]}]},{"@type":"BreadcrumbList","@id":"https:\/\/www.daetwyler-sports-villars.ch\/femme\/#breadcrumb","itemListElement":[{"@type":"ListItem","position":1,"name":"Accueil","item":"https:\/\/www.daetwyler-sports-villars.ch\/en\/"},{"@type":"ListItem","position":2,"name":"WOMEN"}]},{"@type":"WebSite","@id":"https:\/\/www.daetwyler-sports-villars.ch\/#website","url":"https:\/\/www.daetwyler-sports-villars.ch\/","name":"Daetwyler Sports","description":"Des passionn\u00e9es de sports \u00e0 votre \u00e9coute","potentialAction":[{"@type":"SearchAction","target":{"@type":"EntryPoint","urlTemplate":"https:\/\/www.daetwyler-sports-villars.ch\/?s={search_term_string}"},"query-input":"required name=search_term_string"}],"inLanguage":"en-US"}]}},"_links":{"self":[{"href":"https:\/\/www.daetwyler-sports-villars.ch\/en\/wp-json\/wp\/v2\/pages\/1875"}],"collection":[{"href":"https:\/\/www.daetwyler-sports-villars.ch\/en\/wp-json\/wp\/v2\/pages"}],"about":[{"href":"https:\/\/www.daetwyler-sports-villars.ch\/en\/wp-json\/wp\/v2\/types\/page"}],"author":[{"embeddable":true,"href":"https:\/\/www.daetwyler-sports-villars.ch\/en\/wp-json\/wp\/v2\/users\/7"}],"replies":[{"embeddable":true,"href":"https:\/\/www.daetwyler-sports-villars.ch\/en\/wp-json\/wp\/v2\/comments?post=1875"}],"version-history":[{"count":2,"href":"https:\/\/www.daetwyler-sports-villars.ch\/en\/wp-json\/wp\/v2\/pages\/1875\/revisions"}],"predecessor-version":[{"id":1885,"href":"https:\/\/www.daetwyler-sports-villars.ch\/en\/wp-json\/wp\/v2\/pages\/1875\/revisions\/1885"}],"wp:attachment":[{"href":"https:\/\/www.daetwyler-sports-villars.ch\/en\/wp-json\/wp\/v2\/media?parent=1875"}],"curies":[{"name":"wp","href":"https:\/\/api.w.org\/{rel}","templated":true}]}}