{"id":1892,"date":"2018-08-14T14:10:01","date_gmt":"2018-08-14T12:10:01","guid":{"rendered":"https:\/\/www.daetwyler-sports-villars.ch\/en\/?page_id=1892"},"modified":"2022-12-30T11:41:22","modified_gmt":"2022-12-30T10:41:22","slug":"ski-tuning-workshop","status":"publish","type":"page","link":"https:\/\/www.daetwyler-sports-villars.ch\/en\/ski-tuning-workshop\/","title":{"rendered":"Ski tuning &#038; workshop"},"content":{"rendered":"[mk_page_section bg_image=&#8221;https:\/\/www.daetwyler-sports-villars.ch\/wp-content\/uploads\/2017\/10\/dtwyler-sports-robot-atelier1.jpg&#8221; bg_position=&#8221;center center&#8221; bg_repeat=&#8221;no-repeat&#8221; bg_stretch=&#8221;true&#8221; min_height=&#8221;0&#8243; full_width=&#8221;true&#8221; full_height=&#8221;true&#8221; padding_top=&#8221;0&#8243; padding_bottom=&#8221;0&#8243; visibility=&#8221;hidden-sm&#8221; el_class=&#8221;section-height&#8221; sidebar=&#8221;sidebar-1&#8243;][vc_column css=&#8221;.vc_custom_1509708669726{padding-top: 36vh !important;padding-bottom: 36vh !important;}&#8221;][\/vc_column][\/mk_page_section][mk_page_section bg_image=&#8221;https:\/\/www.daetwyler-sports-villars.ch\/wp-content\/uploads\/2017\/10\/dtwyler-sports-robot-atelier1.jpg&#8221; bg_position=&#8221;center center&#8221; bg_repeat=&#8221;no-repeat&#8221; adaptive_height=&#8221;true&#8221; max_height=&#8221;200&#8243; min_height=&#8221;200&#8243; padding_top=&#8221;0&#8243; padding_bottom=&#8221;0&#8243; visibility=&#8221;visible-sm&#8221; el_class=&#8221;section-height&#8221; sidebar=&#8221;sidebar-1&#8243;][vc_column css=&#8221;.vc_custom_1509708669726{padding-top: 36vh !important;padding-bottom: 36vh !important;}&#8221;][\/vc_column][\/mk_page_section][mk_page_section bg_color=&#8221;#000000&#8243; padding_top=&#8221;0&#8243; padding_bottom=&#8221;0&#8243; sidebar=&#8221;sidebar-1&#8243;][vc_column][mk_fancy_title color=&#8221;#ffffff&#8221; size=&#8221;40&#8243; txt_transform=&#8221;uppercase&#8221; letter_spacing=&#8221;5&#8243; margin_top=&#8221;80&#8243; margin_bottom=&#8221;80&#8243; font_family=&#8221;none&#8221; align=&#8221;center&#8221;]Ski tuning &amp; workshop[\/mk_fancy_title][\/vc_column][\/mk_page_section][mk_page_section layout_structure=&#8221;half_right&#8221; bg_image=&#8221;https:\/\/www.daetwyler-sports-villars.ch\/wp-content\/uploads\/2017\/10\/daetwyler-sports-villars-location-rental-gare1-e1510271337549.jpg&#8221; full_width=&#8221;true&#8221; padding_top=&#8221;0&#8243; padding_bottom=&#8221;0&#8243;][vc_column css=&#8221;.vc_custom_1510313664557{padding-right: 30px !important;padding-left: 50px !important;background-color: #222222 !important;}&#8221;][mk_fancy_title color=&#8221;#df0816&#8243; size=&#8221;18&#8243; txt_transform=&#8221;uppercase&#8221; margin_top=&#8221;50&#8243; margin_bottom=&#8221;0&#8243; font_family=&#8221;none&#8221; align=&#8221;center&#8221;]The ski workshop is the heart of our profession.[\/mk_fancy_title][vc_column_text el_class=&#8221;txt-atelier&#8221; css=&#8221;.vc_custom_1672396860612{margin-bottom: 0px !important;}&#8221;]\n<p><center><\/center><strong>We offer 3 types of service: <\/strong><\/p>\n<p>&nbsp;<\/p>\n<p><strong>SMALL service at CHF 55.-<\/strong>[\/vc_column_text][mk_custom_list align=&#8221;left&#8221;]\n<ul>\n<li>Base grinding &amp; structure adapted to the snow type for smoother glide<\/li>\n<li>Base levelling to help initiate the turn<\/li>\n<li>Edge sharpening for better grip on icy slopes<\/li>\n<li>Waxing (with infra-red system) to maintain the base<\/li>\n<\/ul>\n[\/mk_custom_list][mk_padding_divider size=&#8221;20&#8243;][vc_column_text el_class=&#8221;txt-atelier&#8221; css=&#8221;.vc_custom_1672396880810{margin-bottom: 0px !important;}&#8221;]\n<p><center><\/center><strong>BIG service at CHF 80.- <\/strong>(snowboard \/ fat skis : CHF 85.-)[\/vc_column_text][mk_custom_list align=&#8221;left&#8221;]small service plus&#8230;<\/p>\n<ul>\n<li>repairs to the base<\/li>\n<li>filling in of holes with P-Tex<\/li>\n<\/ul>\n[\/mk_custom_list][mk_padding_divider size=&#8221;20&#8243;][vc_column_text el_class=&#8221;txt-atelier&#8221; css=&#8221;.vc_custom_1534248530967{margin-bottom: 0px !important;}&#8221;]\n<p><center><\/center><strong>RACING service at CHF100.-<\/strong>[\/vc_column_text][mk_custom_list align=&#8221;left&#8221;]big service plus&#8230;<\/p>\n<ul>\n<li>fine tuning of the edges by hand for preferred edge angle<\/li>\n<\/ul>\n[\/mk_custom_list][\/vc_column][\/mk_page_section][mk_page_section bg_color=&#8221;#000000&#8243; full_width=&#8221;true&#8221; padding_top=&#8221;70&#8243; padding_bottom=&#8221;40&#8243; visibility=&#8221;hidden-sm&#8221; sidebar=&#8221;sidebar-1&#8243;][vc_column][vc_images_carousel images=&#8221;1316,1317,1465&#8243; img_size=&#8221;&#8221; speed=&#8221;2000&#8243; slides_per_view=&#8221;3&#8243; autoplay=&#8221;yes&#8221; hide_pagination_control=&#8221;yes&#8221; wrap=&#8221;yes&#8221;][\/vc_column][\/mk_page_section][mk_page_section bg_color=&#8221;#000000&#8243; full_width=&#8221;true&#8221; padding_top=&#8221;70&#8243; padding_bottom=&#8221;40&#8243; visibility=&#8221;visible-sm&#8221; sidebar=&#8221;sidebar-1&#8243;][vc_column][vc_images_carousel images=&#8221;1316,1317,1465&#8243; img_size=&#8221;&#8221; speed=&#8221;2000&#8243; slides_per_view=&#8221;2&#8243; autoplay=&#8221;yes&#8221; hide_pagination_control=&#8221;yes&#8221; wrap=&#8221;yes&#8221;][\/vc_column][\/mk_page_section][mk_page_section layout_structure=&#8221;half_left&#8221; bg_image=&#8221;https:\/\/www.daetwyler-sports-villars.ch\/wp-content\/uploads\/2017\/10\/rando-photo-site.jpg&#8221; full_width=&#8221;true&#8221; padding_top=&#8221;0&#8243; padding_bottom=&#8221;0&#8243;][vc_column css=&#8221;.vc_custom_1510313664557{padding-right: 30px !important;padding-left: 50px !important;background-color: #222222 !important;}&#8221;][mk_padding_divider size=&#8221;70&#8243; visibility=&#8221;hidden-sm&#8221;][mk_fancy_title color=&#8221;#df0816&#8243; size=&#8221;18&#8243; txt_transform=&#8221;uppercase&#8221; margin_top=&#8221;50&#8243; margin_bottom=&#8221;0&#8243; font_family=&#8221;none&#8221; align=&#8221;center&#8221;]Additional services[\/mk_fancy_title][mk_padding_divider size=&#8221;100&#8243; visibility=&#8221;hidden-sm&#8221;][mk_custom_list align=&#8221;left&#8221;]\n<ul>\n<li>infra-red waxing to nourish the base<\/li>\n<li>adjustment\/mounting\/moving of bindings<\/li>\n<li>re-glueing of skins for ski touring<\/li>\n<\/ul>\n[\/mk_custom_list][mk_padding_divider size=&#8221;170&#8243; visibility=&#8221;hidden-sm&#8221;][\/vc_column][\/mk_page_section][mk_page_section full_width=&#8221;true&#8221; padding_top=&#8221;0&#8243; padding_bottom=&#8221;0&#8243; sidebar=&#8221;sidebar-1&#8243;][vc_column width=&#8221;1\/2&#8243; css=&#8221;.vc_custom_1509355757214{background-color: #222222 !important;}&#8221; el_class=&#8221;back-color&#8221;][vc_empty_space height=&#8221;76&#8243;][mk_image src=&#8221;https:\/\/www.daetwyler-sports-villars.ch\/wp-content\/uploads\/2017\/12\/book-online-blanc.png&#8221; image_size=&#8221;full&#8221; link=&#8221;http:\/\/easyresv3.wintersteiger.at\/index_easyrent.php?shopid=100307&#8243; target=&#8221;_blank&#8221; align=&#8221;center&#8221; margin_bottom=&#8221;-50&#8243;][\/vc_column][vc_column width=&#8221;1\/2&#8243; css=&#8221;.vc_custom_1509355768108{background-color: #fa0201 !important;}&#8221; el_class=&#8221;back-color&#8221;][vc_empty_space height=&#8221;76&#8243;][mk_image src=&#8221;https:\/\/www.daetwyler-sports-villars.ch\/wp-content\/uploads\/2017\/10\/phone.png&#8221; image_size=&#8221;full&#8221; link=&#8221;https:\/\/www.daetwyler-sports-villars.ch\/en\/contact\/&#8221; align=&#8221;center&#8221; margin_bottom=&#8221;-50&#8243;][mk_fancy_title color=&#8221;#000000&#8243; size=&#8221;25&#8243; font_weight=&#8221;bold&#8221; margin_top=&#8221;75&#8243; font_family=&#8221;none&#8221; align=&#8221;center&#8221;]<a style=\"color: #000;\" href=\"https:\/\/www.daetwyler-sports-villars.ch\/en\/contact\/\">CONTACT US<\/a>[\/mk_fancy_title][\/vc_column][\/mk_page_section][mk_page_section min_height=&#8221;0&#8243; padding_top=&#8221;0&#8243; padding_bottom=&#8221;0&#8243; margin_bottom=&#8221;-2&#8243; sidebar=&#8221;sidebar-1&#8243;][vc_column][mk_image src=&#8221;https:\/\/www.daetwyler-sports-villars.ch\/wp-content\/uploads\/2017\/12\/book-online-blanc.png&#8221; image_size=&#8221;full&#8221; link=&#8221;http:\/\/easyresv3.wintersteiger.at\/index_easyrent.php?shopid=100307&#8243; target=&#8221;_blank&#8221; align=&#8221;right&#8221; el_class=&#8221;flottant right&#8221;][\/vc_column][\/mk_page_section]\n","protected":false},"excerpt":{"rendered":"<p>[mk_page_section bg_image=&#8221;https:\/\/www.daetwyler-sports-villars.ch\/wp-content\/uploads\/2017\/10\/dtwyler-sports-robot-atelier1.jpg&#8221; bg_position=&#8221;center center&#8221; bg_repeat=&#8221;no-repeat&#8221; bg_stretch=&#8221;true&#8221; min_height=&#8221;0&#8243; full_width=&#8221;true&#8221; full_height=&#8221;true&#8221; padding_top=&#8221;0&#8243; padding_bottom=&#8221;0&#8243; visibility=&#8221;hidden-sm&#8221; el_class=&#8221;section-height&#8221; sidebar=&#8221;sidebar-1&#8243;][vc_column css=&#8221;.vc_custom_1509708669726{padding-top: 36vh !important;padding-bottom: 36vh !important;}&#8221;][\/vc_column][\/mk_page_section][mk_page_section bg_image=&#8221;https:\/\/www.daetwyler-sports-villars.ch\/wp-content\/uploads\/2017\/10\/dtwyler-sports-robot-atelier1.jpg&#8221; bg_position=&#8221;center center&#8221; bg_repeat=&#8221;no-repeat&#8221; adaptive_height=&#8221;true&#8221; max_height=&#8221;200&#8243; min_height=&#8221;200&#8243; padding_top=&#8221;0&#8243; padding_bottom=&#8221;0&#8243; visibility=&#8221;visible-sm&#8221; el_class=&#8221;section-height&#8221; sidebar=&#8221;sidebar-1&#8243;][vc_column css=&#8221;.vc_custom_1509708669726{padding-top: 36vh !important;padding-bottom: 36vh !important;}&#8221;][\/vc_column][\/mk_page_section][mk_page_section bg_color=&#8221;#000000&#8243; padding_top=&#8221;0&#8243; padding_bottom=&#8221;0&#8243; sidebar=&#8221;sidebar-1&#8243;][vc_column][mk_fancy_title color=&#8221;#ffffff&#8221; size=&#8221;40&#8243; txt_transform=&#8221;uppercase&#8221; letter_spacing=&#8221;5&#8243; margin_top=&#8221;80&#8243; margin_bottom=&#8221;80&#8243; font_family=&#8221;none&#8221; align=&#8221;center&#8221;]Ski tuning &amp; workshop[\/mk_fancy_title][\/vc_column][\/mk_page_section][mk_page_section layout_structure=&#8221;half_right&#8221; bg_image=&#8221;https:\/\/www.daetwyler-sports-villars.ch\/wp-content\/uploads\/2017\/10\/daetwyler-sports-villars-location-rental-gare1-e1510271337549.jpg&#8221; full_width=&#8221;true&#8221; padding_top=&#8221;0&#8243; [&hellip;]<\/p>\n","protected":false},"author":7,"featured_media":0,"parent":0,"menu_order":0,"comment_status":"closed","ping_status":"closed","template":"","meta":{"footnotes":""},"yoast_head":"<!-- This site is optimized with the Yoast SEO plugin v22.8 - https:\/\/yoast.com\/wordpress\/plugins\/seo\/ -->\n<title>Ski repair &amp; maintenance workshop in Villars | Daetwyler Sports<\/title>\n<meta name=\"description\" content=\"Daetwyler Sports offers you a complete range of services in its repair and maintenance workshop to preserve or restore your ski equipment.\" \/>\n<meta name=\"robots\" content=\"index, follow, max-snippet:-1, max-image-preview:large, max-video-preview:-1\" \/>\n<link rel=\"canonical\" href=\"https:\/\/www.daetwyler-sports-villars.ch\/atelier-de-reparation-entretien\/\" \/>\n<meta property=\"og:locale\" content=\"en_US\" \/>\n<meta property=\"og:type\" content=\"article\" \/>\n<meta property=\"og:title\" content=\"Ski repair &amp; maintenance workshop in Villars | Daetwyler Sports\" \/>\n<meta property=\"og:description\" content=\"Daetwyler Sports offers you a complete range of services in its repair and maintenance workshop to preserve or restore your ski equipment.\" \/>\n<meta property=\"og:url\" content=\"https:\/\/www.daetwyler-sports-villars.ch\/atelier-de-reparation-entretien\/\" \/>\n<meta property=\"og:site_name\" content=\"Daetwyler Sports\" \/>\n<meta property=\"article:modified_time\" content=\"2022-12-30T10:41:22+00:00\" \/>\n<meta name=\"twitter:card\" content=\"summary_large_image\" \/>\n<meta name=\"twitter:label1\" content=\"Est. reading time\" \/>\n\t<meta name=\"twitter:data1\" content=\"2 minutes\" \/>\n<script type=\"application\/ld+json\" class=\"yoast-schema-graph\">{\"@context\":\"https:\/\/schema.org\",\"@graph\":[{\"@type\":\"WebPage\",\"@id\":\"https:\/\/www.daetwyler-sports-villars.ch\/atelier-de-reparation-entretien\/\",\"url\":\"https:\/\/www.daetwyler-sports-villars.ch\/atelier-de-reparation-entretien\/\",\"name\":\"Ski repair & maintenance workshop in Villars | Daetwyler Sports\",\"isPartOf\":{\"@id\":\"https:\/\/www.daetwyler-sports-villars.ch\/#website\"},\"datePublished\":\"2018-08-14T12:10:01+00:00\",\"dateModified\":\"2022-12-30T10:41:22+00:00\",\"description\":\"Daetwyler Sports offers you a complete range of services in its repair and maintenance workshop to preserve or restore your ski equipment.\",\"breadcrumb\":{\"@id\":\"https:\/\/www.daetwyler-sports-villars.ch\/atelier-de-reparation-entretien\/#breadcrumb\"},\"inLanguage\":\"en-US\",\"potentialAction\":[{\"@type\":\"ReadAction\",\"target\":[\"https:\/\/www.daetwyler-sports-villars.ch\/atelier-de-reparation-entretien\/\"]}]},{\"@type\":\"BreadcrumbList\",\"@id\":\"https:\/\/www.daetwyler-sports-villars.ch\/atelier-de-reparation-entretien\/#breadcrumb\",\"itemListElement\":[{\"@type\":\"ListItem\",\"position\":1,\"name\":\"Accueil\",\"item\":\"https:\/\/www.daetwyler-sports-villars.ch\/en\/\"},{\"@type\":\"ListItem\",\"position\":2,\"name\":\"Ski tuning &#038; workshop\"}]},{\"@type\":\"WebSite\",\"@id\":\"https:\/\/www.daetwyler-sports-villars.ch\/#website\",\"url\":\"https:\/\/www.daetwyler-sports-villars.ch\/\",\"name\":\"Daetwyler Sports\",\"description\":\"Des passionn\u00e9es de sports \u00e0 votre \u00e9coute\",\"potentialAction\":[{\"@type\":\"SearchAction\",\"target\":{\"@type\":\"EntryPoint\",\"urlTemplate\":\"https:\/\/www.daetwyler-sports-villars.ch\/?s={search_term_string}\"},\"query-input\":\"required name=search_term_string\"}],\"inLanguage\":\"en-US\"}]}<\/script>\n<!-- \/ Yoast SEO plugin. -->","yoast_head_json":{"title":"Ski repair & maintenance workshop in Villars | Daetwyler Sports","description":"Daetwyler Sports offers you a complete range of services in its repair and maintenance workshop to preserve or restore your ski equipment.","robots":{"index":"index","follow":"follow","max-snippet":"max-snippet:-1","max-image-preview":"max-image-preview:large","max-video-preview":"max-video-preview:-1"},"canonical":"https:\/\/www.daetwyler-sports-villars.ch\/atelier-de-reparation-entretien\/","og_locale":"en_US","og_type":"article","og_title":"Ski repair & maintenance workshop in Villars | Daetwyler Sports","og_description":"Daetwyler Sports offers you a complete range of services in its repair and maintenance workshop to preserve or restore your ski equipment.","og_url":"https:\/\/www.daetwyler-sports-villars.ch\/atelier-de-reparation-entretien\/","og_site_name":"Daetwyler Sports","article_modified_time":"2022-12-30T10:41:22+00:00","twitter_card":"summary_large_image","twitter_misc":{"Est. reading time":"2 minutes"},"schema":{"@context":"https:\/\/schema.org","@graph":[{"@type":"WebPage","@id":"https:\/\/www.daetwyler-sports-villars.ch\/atelier-de-reparation-entretien\/","url":"https:\/\/www.daetwyler-sports-villars.ch\/atelier-de-reparation-entretien\/","name":"Ski repair & maintenance workshop in Villars | Daetwyler Sports","isPartOf":{"@id":"https:\/\/www.daetwyler-sports-villars.ch\/#website"},"datePublished":"2018-08-14T12:10:01+00:00","dateModified":"2022-12-30T10:41:22+00:00","description":"Daetwyler Sports offers you a complete range of services in its repair and maintenance workshop to preserve or restore your ski equipment.","breadcrumb":{"@id":"https:\/\/www.daetwyler-sports-villars.ch\/atelier-de-reparation-entretien\/#breadcrumb"},"inLanguage":"en-US","potentialAction":[{"@type":"ReadAction","target":["https:\/\/www.daetwyler-sports-villars.ch\/atelier-de-reparation-entretien\/"]}]},{"@type":"BreadcrumbList","@id":"https:\/\/www.daetwyler-sports-villars.ch\/atelier-de-reparation-entretien\/#breadcrumb","itemListElement":[{"@type":"ListItem","position":1,"name":"Accueil","item":"https:\/\/www.daetwyler-sports-villars.ch\/en\/"},{"@type":"ListItem","position":2,"name":"Ski tuning &#038; workshop"}]},{"@type":"WebSite","@id":"https:\/\/www.daetwyler-sports-villars.ch\/#website","url":"https:\/\/www.daetwyler-sports-villars.ch\/","name":"Daetwyler Sports","description":"Des passionn\u00e9es de sports \u00e0 votre \u00e9coute","potentialAction":[{"@type":"SearchAction","target":{"@type":"EntryPoint","urlTemplate":"https:\/\/www.daetwyler-sports-villars.ch\/?s={search_term_string}"},"query-input":"required name=search_term_string"}],"inLanguage":"en-US"}]}},"_links":{"self":[{"href":"https:\/\/www.daetwyler-sports-villars.ch\/en\/wp-json\/wp\/v2\/pages\/1892"}],"collection":[{"href":"https:\/\/www.daetwyler-sports-villars.ch\/en\/wp-json\/wp\/v2\/pages"}],"about":[{"href":"https:\/\/www.daetwyler-sports-villars.ch\/en\/wp-json\/wp\/v2\/types\/page"}],"author":[{"embeddable":true,"href":"https:\/\/www.daetwyler-sports-villars.ch\/en\/wp-json\/wp\/v2\/users\/7"}],"replies":[{"embeddable":true,"href":"https:\/\/www.daetwyler-sports-villars.ch\/en\/wp-json\/wp\/v2\/comments?post=1892"}],"version-history":[{"count":3,"href":"https:\/\/www.daetwyler-sports-villars.ch\/en\/wp-json\/wp\/v2\/pages\/1892\/revisions"}],"predecessor-version":[{"id":2878,"href":"https:\/\/www.daetwyler-sports-villars.ch\/en\/wp-json\/wp\/v2\/pages\/1892\/revisions\/2878"}],"wp:attachment":[{"href":"https:\/\/www.daetwyler-sports-villars.ch\/en\/wp-json\/wp\/v2\/media?parent=1892"}],"curies":[{"name":"wp","href":"https:\/\/api.w.org\/{rel}","templated":true}]}}