{"id":2474,"date":"2021-05-05T20:05:45","date_gmt":"2021-05-05T18:05:45","guid":{"rendered":"https:\/\/www.daetwyler-sports-villars.ch\/vente-velo\/"},"modified":"2023-08-30T16:45:59","modified_gmt":"2023-08-30T14:45:59","slug":"vente-velo","status":"publish","type":"page","link":"https:\/\/www.daetwyler-sports-villars.ch\/en\/vente-velo\/","title":{"rendered":"Bike sales"},"content":{"rendered":"<div class=\"wpb-content-wrapper\">[mk_page_section bg_image=&#8221;https:\/\/www.daetwyler-sports-villars.ch\/wp-content\/uploads\/2017\/10\/daetwyler-sports-villars-vlo.jpg&#8221; bg_position=&#8221;center center&#8221; bg_repeat=&#8221;no-repeat&#8221; bg_stretch=&#8221;true&#8221; min_height=&#8221;0&#8243; full_width=&#8221;true&#8221; full_height=&#8221;true&#8221; padding_top=&#8221;0&#8243; padding_bottom=&#8221;0&#8243; el_class=&#8221;section-height&#8221; sidebar=&#8221;sidebar-1&#8243;][vc_column css=&#8221;.vc_custom_1509710981545{padding-top: 36vh !important;padding-bottom: 36vh !important;}&#8221;][vc_row_inner][vc_column_inner width=&#8221;1\/6&#8243;][\/vc_column_inner][vc_column_inner width=&#8221;1\/6&#8243;][\/vc_column_inner][vc_column_inner width=&#8221;1\/6&#8243;][\/vc_column_inner][vc_column_inner width=&#8221;1\/6&#8243;][\/vc_column_inner][vc_column_inner width=&#8221;1\/6&#8243;][\/vc_column_inner][vc_column_inner width=&#8221;1\/6&#8243;][mk_image src=&#8221;https:\/\/www.daetwyler-sports-villars.ch\/wp-content\/uploads\/2017\/12\/book-online-blanc.png&#8221; image_size=&#8221;full&#8221; link=&#8221;http:\/\/easyresv3.wintersteiger.at\/index_easyrent.php?shopid=100307&#8243; target=&#8221;_blank&#8221; align=&#8221;right&#8221; el_class=&#8221;flottant&#8221;][\/vc_column_inner][\/vc_row_inner][\/vc_column][\/mk_page_section][mk_page_section bg_color=&#8221;#000000&#8243; full_width=&#8221;true&#8221; padding_top=&#8221;0&#8243; padding_bottom=&#8221;0&#8243; sidebar=&#8221;sidebar-1&#8243;][vc_column][mk_fancy_title color=&#8221;#ffffff&#8221; size=&#8221;40&#8243; txt_transform=&#8221;uppercase&#8221; letter_spacing=&#8221;5&#8243; margin_top=&#8221;80&#8243; margin_bottom=&#8221;80&#8243; font_family=&#8221;none&#8221; align=&#8221;center&#8221;]Sales[\/mk_fancy_title][\/vc_column][\/mk_page_section][vc_row][vc_column][vc_raw_html]JTNDZGl2JTIwaWQlM0QlMjJ2ZWxvY29ybmVyX21lbWJlcl9iaWtlc19hcHAlMjIlMjBjbGFzcyUzRCUyMnZlbG9jb3JuZXJfbWVtYmVyX2Jpa2VzX2FwcCUyMiUyMHN0eWxlJTNEJTIycGFkZGluZyUzQSUyMDIwcHglM0IlMjIlM0UlM0MlMkZkaXYlM0UlMEElMjAlMjAlMjAlMjAlM0NzY3JpcHQlMjBzcmMlM0QlMjJodHRwcyUzQSUyRiUyRndpZGdldC52ZWxvY29ybmVyLmNoJTJGdjIlMkZkaXN0JTJGanMlMkZ2ZWxvY29ybmVyX21lbWJlcl9iaWtlc19hcHAubWluLmpzJTIyJTNFJTNDJTJGc2NyaXB0JTNFJTBBJTIwJTIwJTIwJTIwJTNDc2NyaXB0JTNFJTBBJTIwJTIwJTIwJTIwJTIwJTIwd2lkZ2V0JTIwJTNEJTIwbmV3JTIwVmVsb2Nvcm5lck1lbWJlckJpa2VzJTI4JTdCJTBBJTIwJTIwJTIwJTIwJTIwJTIwJTIwJTIwJTIwJTIwY29udGFpbmVyX3NlbGVjdG9yJTNBJTIwJTI3JTIzdmVsb2Nvcm5lcl9tZW1iZXJfYmlrZXNfYXBwJTI3JTJDJTBBJTA5JTA5JTIwJTIwbWVtYmVyX2lkJTNBJTIwMTM4NTMlMkMlMEElMDklMDklMjAlMjBpdGVtc19wZXJfcGFnZSUzQSUyMDEyJTJDJTBBJTIwJTIwJTIwJTIwJTIwJTIwJTIwJTIwJTIwJTIwJTIwJTIwJTIwJTIwJTIwJTIwJTIwJTIwaXRlbXNfaW5fcm93JTNBJTIwNCUyQyUwQSUyMCUyMCUyMCUyMCUyMCUyMCUyMCUyMCUyMCUyMCUyMCUyMCUyMCUyMCUyMCUyMCUyMCUyMGNhdGVnb3J5JTNBJTIwJTI3ZWJpa2VzJTI3JTJDJTBBJTA5JTA5JTIwJTIwc2Nyb2xsX3RvcF9vZmZzZXQlM0ElMjAtNjAlMkMlMEElMjAlMjAlMjAlMjAlMjAlMjAlMjAlMjAlMjAlMjAlMjAlMjAlMjAlMjAlMjAlMjAlMjAlMjBkaXNhYmxlX2F1dG9fc2Nyb2xsX29uX2luaXQlM0ElMjB0cnVlJTJDJTBBJTA5JTA5JTIwJTIwbGFuZ3VhZ2UlM0ElMjAlMjdmciUyNyUyQyUwQSUyMCUyMCUyMCUyMCUyMCUyMCUyMCUyMCUyMCUyMHVpX2xheW91dCUzQSUyMCU3QiUwQSUyMCUyMCUyMCUyMCUyMCUyMCUyMCUyMCUyMCUyMCUyMCUyMCUyMCUyMHNlYXJjaF9iYXIlM0ElMjAlN0IlMEElMjAlMjAlMjAlMjAlMjAlMjAlMjAlMjAlMjAlMjAlMjAlMjAlMjAlMjAlMjAlMjAlMjAlMjBwb3NpdGlvbiUzQSUyMCUyN3RvcCUyNyUyQyUyMCUyRiUyRiUyMHRvcCUyQyUyMGxlZnQlMkMlMjByaWdodCUwQSUyMCUyMCUyMCUyMCUyMCUyMCUyMCUyMCUyMCUyMCUyMCUyMCUyMCUyMCUyMCUyMCUyMCUyMHZpc2libGUlM0ElMjB0cnVlJTBBJTIwJTIwJTIwJTIwJTIwJTIwJTIwJTIwJTIwJTIwJTIwJTIwJTIwJTIwJTdEJTJDJTBBJTIwJTIwJTIwJTIwJTIwJTIwJTIwJTIwJTIwJTIwJTIwJTIwJTIwJTIwYXV0aG9yX2luZm9fYmxvY2slM0ElMjAlN0IlMEElMjAlMjAlMjAlMjAlMjAlMjAlMjAlMjAlMjAlMjAlMjAlMjAlMjAlMjAlMjAlMjAlMjAlMjB2aXNpYmxlJTNBJTIwdHJ1ZSUwQSUyMCUyMCUyMCUyMCUyMCUyMCUyMCUyMCUyMCUyMCUyMCUyMCUyMCUyMCU3RCUwQSUyMCUyMCUyMCUyMCUyMCUyMCUyMCUyMCUyMCUyMCU3RCUyQyUwQSUyMCUyMCUyMCUyMCUyMCUyMCU3RCUyOSUzQiUwQSUyMCUyMCUyMCUyMCUzQyUyRnNjcmlwdCUzRSUwQSUzQ3N0eWxlJTNFJTBBLnZlbG9jb3JuZXJfbWVtYmVyX2Jpa2VzX2FwcCUyMCU3QiUwQSUyMCUyMCUyMCUyMGNvbG9yJTNBJTIwJTIzM2Y0YTZmJTNCJTBBJTIwJTIwJTIwJTIwbWF4LXdpZHRoJTNBJTIwMTAwJTI1JTNCJTBBJTIwJTIwJTIwJTIwbWFyZ2luJTNBJTIwMCUyMGF1dG8lM0IlMEElMjAlMjAlMjAlMjBmb250LWZhbWlseSUzQSUyMCUyN1NvdXJjZSUyMFNhbnMlMjBQcm8lMjclMkNzYW5zLXNlcmlmJTNCJTBBJTdEJTBBLnZlbG9jb3JuZXItZmlsdGVyLWNvbnQlMjAuY2F0ZWdvcnktc3dpdGNoZXMtY29udCUyMGEuYWN0aXZlJTIwJTdCJTBBJTIwJTIwJTIwJTIwYm9yZGVyJTNBJTIwbm9uZSUzQiUwQSUyMCUyMCUyMCUyMGNvbG9yJTNBJTIwJTIzZmZmZmZmJTNCJTBBJTIwJTIwJTIwJTIwZm9udC13ZWlnaHQlM0ElMjA3MDAlM0IlMEElMjAlMjAlMjAlMjBib3JkZXItcmFkaXVzJTNBJTIwMjBweCUzQiUwQSUyMCUyMCUyMCUyMGJhY2tncm91bmQtY29sb3IlM0ElMjAlMjMzZjRhNmYlM0IlMEElMjAlMjAlMjAlMjBib3JkZXIlM0ElMjAxcHglMjBzb2xpZCUyMCUyM2RlZTJlNiUzQiUwQSUyMCUyMCUyMCUyMG1hcmdpbi1yaWdodCUzQSUyMDEwcHglM0IlMEElN0QlMEEudmVsb2Nvcm5lci1maWx0ZXItY29udCUyMC5jYXRlZ29yeS1zd2l0Y2hlcy1jb250JTIwYSUyMCU3QiUwQSUyMCUyMCUyMCUyMGRpc3BsYXklM0ElMjBpbmxpbmUtYmxvY2slM0IlMEElMjAlMjAlMjAlMjBmbGV4LWdyb3clM0ElMjAxJTNCJTBBJTIwJTIwJTIwJTIwcGFkZGluZyUzQSUyMDdweCUzQiUwQSUyMCUyMCUyMCUyMGZvbnQtc2l6ZSUzQSUyMDE2cHglM0IlMEElMjAlMjAlMjAlMjB0ZXh0LWFsaWduJTNBJTIwY2VudGVyJTNCJTBBJTIwJTIwJTIwJTIwdGV4dC1kZWNvcmF0aW9uJTNBJTIwbm9uZSUzQiUwQSUyMCUyMCUyMCUyMGNvbG9yJTNBJTIwJTIzM2Y0YTZmJTNCJTBBJTIwJTIwJTIwJTIwYm9yZGVyLXJhZGl1cyUzQSUyMDIwcHglM0IlMEElMjAlMjAlMjAlMjBiYWNrZ3JvdW5kLWNvbG9yJTNBJTIwJTIzZmZmZmZmJTNCJTBBJTIwJTIwJTIwJTIwYm9yZGVyJTNBJTIwMXB4JTIwc29saWQlMjAlMjNkZWUyZTYlM0IlMEElMjAlMjAlMjAlMjBtYXJnaW4tcmlnaHQlM0ElMjAxMHB4JTNCJTBBJTdEJTBBLnZlbG9jb3JuZXItbGlzdGluZy1ibG9jayUyMC52LWNhcmQlMjAlN0IlMEElMjAlMjAlMjAlMjBwb3NpdGlvbiUzQSUyMHJlbGF0aXZlJTNCJTBBJTIwJTIwJTIwJTIwZGlzcGxheSUzQSUyMGZsZXglM0IlMEElMjAlMjAlMjAlMjBmbGV4LXdyYXAlM0ElMjB3cmFwJTNCJTBBJTIwJTIwJTIwJTIwZmxleCUzQSUyMDAlMjAxJTIwY2FsYyUyODI1JTI1JTIwLSUyMDE1cHglMjAlMkElMjAyJTI5JTNCJTBBJTIwJTIwJTIwJTIwZmxleC1kaXJlY3Rpb24lM0ElMjBjb2x1bW4lM0IlMEElMjAlMjAlMjAlMjBtYXJnaW4lM0ElMjAwJTIwMTVweCUyMDMwcHglM0IlMEElMjAlMjAlMjAlMjBib3JkZXItcmFkaXVzJTNBJTIwOHB4JTNCJTBBJTIwJTIwJTIwJTIwb3ZlcmZsb3clM0ElMjBoaWRkZW4lM0IlMEElMjAlMjAlMjAlMjBiYWNrZ3JvdW5kLWNvbG9yJTNBJTIwJTIzZjJmMmYyJTNCJTBBJTIwJTIwJTIwJTIwb3V0bGluZSUzQSUyMDJweCUyMHNvbGlkJTIwcmdiYSUyODI0MiUyQzI0MiUyQzI0MiUyQzElMjklM0IlMEElN0QlMEElM0MlMkZzdHlsZSUzRQ==[\/vc_raw_html][\/vc_column][\/vc_row][mk_page_section layout_structure=&#8221;half_right&#8221; bg_image=&#8221;https:\/\/www.daetwyler-sports-villars.ch\/wp-content\/uploads\/2021\/06\/e-vtt-full-1.jpg&#8221; bg_color=&#8221;#222222&#8243; min_height=&#8221;600&#8243; full_width=&#8221;true&#8221; js_vertical_centered=&#8221;true&#8221; padding_top=&#8221;0&#8243; padding_bottom=&#8221;0&#8243;][vc_column css=&#8221;.vc_custom_1513247100844{padding-top: 25px !important;padding-right: 30px !important;padding-bottom: 25px !important;padding-left: 50px !important;}&#8221;][vc_column_text el_class=&#8221;txt-vit&#8221; css=&#8221;.vc_custom_1626082428597{margin-bottom: 0px !important;}&#8221;]You&#8217;re thinking about buying a new bike&#8230; we&#8217;re sure to have something for you!<br \/>\nWe work with several makes of bike: <a href=\"http:\/\/www.bixs.com\/fran.html\" target=\"_blank\" rel=\"noopener\">BIXS <\/a>, <a href=\"http:\/\/www.wheeler.ch\/fra.html\">WHEELER<\/a> and <a href=\"http:\/\/www.ridemustang.com\/french\/accueil.html\" target=\"_blank\" rel=\"noopener\">MUSTANG<\/a>.<\/p>\n<p>Just pop in for some advice or to talk about what you&#8217;re looking for and we&#8217;ll help you to find the best solution.[\/vc_column_text][\/vc_column][\/mk_page_section][mk_page_section bg_color=&#8221;#000000&#8243; full_width=&#8221;true&#8221; padding_top=&#8221;70&#8243; padding_bottom=&#8221;40&#8243; visibility=&#8221;hidden-sm&#8221; sidebar=&#8221;sidebar-1&#8243;][vc_column][vc_images_carousel images=&#8221;1324,1325,1326,1327,1328,1329,1330&#8243; img_size=&#8221;&#8221; speed=&#8221;2000&#8243; slides_per_view=&#8221;5&#8243; autoplay=&#8221;yes&#8221; hide_pagination_control=&#8221;yes&#8221; wrap=&#8221;yes&#8221;][\/vc_column][\/mk_page_section][mk_page_section bg_color=&#8221;#000000&#8243; full_width=&#8221;true&#8221; padding_top=&#8221;70&#8243; padding_bottom=&#8221;40&#8243; visibility=&#8221;visible-sm&#8221; sidebar=&#8221;sidebar-1&#8243;][vc_column][vc_images_carousel images=&#8221;1324,1325,1326,1327,1328,1329,1330&#8243; img_size=&#8221;&#8221; speed=&#8221;2000&#8243; slides_per_view=&#8221;2&#8243; autoplay=&#8221;yes&#8221; hide_pagination_control=&#8221;yes&#8221; wrap=&#8221;yes&#8221;][\/vc_column][\/mk_page_section][mk_page_section full_width=&#8221;true&#8221; padding_top=&#8221;0&#8243; padding_bottom=&#8221;0&#8243; sidebar=&#8221;sidebar-1&#8243;][vc_column width=&#8221;1\/2&#8243; css=&#8221;.vc_custom_1509355757214{background-color: #222222 !important;}&#8221; el_class=&#8221;back-color&#8221;][vc_empty_space height=&#8221;76&#8243;][mk_image src=&#8221;https:\/\/www.daetwyler-sports-villars.ch\/wp-content\/uploads\/2017\/12\/book-online-blanc.png&#8221; image_size=&#8221;full&#8221; link=&#8221;http:\/\/easyresv3.wintersteiger.at\/index_easyrent.php?shopid=100307&#8243; target=&#8221;_blank&#8221; align=&#8221;center&#8221; margin_bottom=&#8221;-50&#8243;][\/vc_column][vc_column width=&#8221;1\/2&#8243; css=&#8221;.vc_custom_1509355768108{background-color: #fa0201 !important;}&#8221; el_class=&#8221;back-color&#8221;][vc_empty_space height=&#8221;76&#8243;][mk_image src=&#8221;https:\/\/www.daetwyler-sports-villars.ch\/wp-content\/uploads\/2017\/10\/phone.png&#8221; image_size=&#8221;full&#8221; link=&#8221;https:\/\/www.daetwyler-sports-villars.ch\/contact\/&#8221; align=&#8221;center&#8221; margin_bottom=&#8221;-50&#8243;][mk_fancy_title color=&#8221;#000000&#8243; size=&#8221;25&#8243; font_weight=&#8221;bold&#8221; margin_top=&#8221;75&#8243; font_family=&#8221;none&#8221; align=&#8221;center&#8221;]<a style=\"color: #000;\" href=\"https:\/\/www.daetwyler-sports-villars.ch\/contact\/\">CONTACT US<\/a>[\/mk_fancy_title][\/vc_column][\/mk_page_section]\n<\/div>","protected":false},"excerpt":{"rendered":"<p>[mk_page_section bg_image=&#8221;https:\/\/www.daetwyler-sports-villars.ch\/wp-content\/uploads\/2017\/10\/daetwyler-sports-villars-vlo.jpg&#8221; bg_position=&#8221;center center&#8221; bg_repeat=&#8221;no-repeat&#8221; bg_stretch=&#8221;true&#8221; min_height=&#8221;0&#8243; full_width=&#8221;true&#8221; full_height=&#8221;true&#8221; padding_top=&#8221;0&#8243; padding_bottom=&#8221;0&#8243; el_class=&#8221;section-height&#8221; sidebar=&#8221;sidebar-1&#8243;][vc_column css=&#8221;.vc_custom_1509710981545{padding-top: 36vh !important;padding-bottom: 36vh !important;}&#8221;][vc_row_inner][vc_column_inner width=&#8221;1\/6&#8243;][\/vc_column_inner][vc_column_inner width=&#8221;1\/6&#8243;][\/vc_column_inner][vc_column_inner width=&#8221;1\/6&#8243;][\/vc_column_inner][vc_column_inner width=&#8221;1\/6&#8243;][\/vc_column_inner][vc_column_inner width=&#8221;1\/6&#8243;][\/vc_column_inner][vc_column_inner width=&#8221;1\/6&#8243;][mk_image src=&#8221;https:\/\/www.daetwyler-sports-villars.ch\/wp-content\/uploads\/2017\/12\/book-online-blanc.png&#8221; image_size=&#8221;full&#8221; link=&#8221;http:\/\/easyresv3.wintersteiger.at\/index_easyrent.php?shopid=100307&#8243; target=&#8221;_blank&#8221; align=&#8221;right&#8221; el_class=&#8221;flottant&#8221;][\/vc_column_inner][\/vc_row_inner][\/vc_column][\/mk_page_section][mk_page_section bg_color=&#8221;#000000&#8243; full_width=&#8221;true&#8221; padding_top=&#8221;0&#8243; padding_bottom=&#8221;0&#8243; sidebar=&#8221;sidebar-1&#8243;][vc_column][mk_fancy_title color=&#8221;#ffffff&#8221; size=&#8221;40&#8243; txt_transform=&#8221;uppercase&#8221; letter_spacing=&#8221;5&#8243; margin_top=&#8221;80&#8243; margin_bottom=&#8221;80&#8243; font_family=&#8221;none&#8221; align=&#8221;center&#8221;]Sales[\/mk_fancy_title][\/vc_column][\/mk_page_section][vc_row][vc_column][vc_raw_html]JTNDZGl2JTIwaWQlM0QlMjJ2ZWxvY29ybmVyX21lbWJlcl9iaWtlc19hcHAlMjIlMjBjbGFzcyUzRCUyMnZlbG9jb3JuZXJfbWVtYmVyX2Jpa2VzX2FwcCUyMiUyMHN0eWxlJTNEJTIycGFkZGluZyUzQSUyMDIwcHglM0IlMjIlM0UlM0MlMkZkaXYlM0UlMEElMjAlMjAlMjAlMjAlM0NzY3JpcHQlMjBzcmMlM0QlMjJodHRwcyUzQSUyRiUyRndpZGdldC52ZWxvY29ybmVyLmNoJTJGdjIlMkZkaXN0JTJGanMlMkZ2ZWxvY29ybmVyX21lbWJlcl9iaWtlc19hcHAubWluLmpzJTIyJTNFJTNDJTJGc2NyaXB0JTNFJTBBJTIwJTIwJTIwJTIwJTNDc2NyaXB0JTNFJTBBJTIwJTIwJTIwJTIwJTIwJTIwd2lkZ2V0JTIwJTNEJTIwbmV3JTIwVmVsb2Nvcm5lck1lbWJlckJpa2VzJTI4JTdCJTBBJTIwJTIwJTIwJTIwJTIwJTIwJTIwJTIwJTIwJTIwY29udGFpbmVyX3NlbGVjdG9yJTNBJTIwJTI3JTIzdmVsb2Nvcm5lcl9tZW1iZXJfYmlrZXNfYXBwJTI3JTJDJTBBJTA5JTA5JTIwJTIwbWVtYmVyX2lkJTNBJTIwMTM4NTMlMkMlMEElMDklMDklMjAlMjBpdGVtc19wZXJfcGFnZSUzQSUyMDEyJTJDJTBBJTIwJTIwJTIwJTIwJTIwJTIwJTIwJTIwJTIwJTIwJTIwJTIwJTIwJTIwJTIwJTIwJTIwJTIwaXRlbXNfaW5fcm93JTNBJTIwNCUyQyUwQSUyMCUyMCUyMCUyMCUyMCUyMCUyMCUyMCUyMCUyMCUyMCUyMCUyMCUyMCUyMCUyMCUyMCUyMGNhdGVnb3J5JTNBJTIwJTI3ZWJpa2VzJTI3JTJDJTBBJTA5JTA5JTIwJTIwc2Nyb2xsX3RvcF9vZmZzZXQlM0ElMjAtNjAlMkMlMEElMjAlMjAlMjAlMjAlMjAlMjAlMjAlMjAlMjAlMjAlMjAlMjAlMjAlMjAlMjAlMjAlMjAlMjBkaXNhYmxlX2F1dG9fc2Nyb2xsX29uX2luaXQlM0ElMjB0cnVlJTJDJTBBJTA5JTA5JTIwJTIwbGFuZ3VhZ2UlM0ElMjAlMjdmciUyNyUyQyUwQSUyMCUyMCUyMCUyMCUyMCUyMCUyMCUyMCUyMCUyMHVpX2xheW91dCUzQSUyMCU3QiUwQSUyMCUyMCUyMCUyMCUyMCUyMCUyMCUyMCUyMCUyMCUyMCUyMCUyMCUyMHNlYXJjaF9iYXIlM0ElMjAlN0IlMEElMjAlMjAlMjAlMjAlMjAlMjAlMjAlMjAlMjAlMjAlMjAlMjAlMjAlMjAlMjAlMjAlMjAlMjBwb3NpdGlvbiUzQSUyMCUyN3RvcCUyNyUyQyUyMCUyRiUyRiUyMHRvcCUyQyUyMGxlZnQlMkMlMjByaWdodCUwQSUyMCUyMCUyMCUyMCUyMCUyMCUyMCUyMCUyMCUyMCUyMCUyMCUyMCUyMCUyMCUyMCUyMCUyMHZpc2libGUlM0ElMjB0cnVlJTBBJTIwJTIwJTIwJTIwJTIwJTIwJTIwJTIwJTIwJTIwJTIwJTIwJTIwJTIwJTdEJTJDJTBBJTIwJTIwJTIwJTIwJTIwJTIwJTIwJTIwJTIwJTIwJTIwJTIwJTIwJTIwYXV0aG9yX2luZm9fYmxvY2slM0ElMjAlN0IlMEElMjAlMjAlMjAlMjAlMjAlMjAlMjAlMjAlMjAlMjAlMjAlMjAlMjAlMjAlMjAlMjAlMjAlMjB2aXNpYmxlJTNBJTIwdHJ1ZSUwQSUyMCUyMCUyMCUyMCUyMCUyMCUyMCUyMCUyMCUyMCUyMCUyMCUyMCUyMCU3RCUwQSUyMCUyMCUyMCUyMCUyMCUyMCUyMCUyMCUyMCUyMCU3RCUyQyUwQSUyMCUyMCUyMCUyMCUyMCUyMCU3RCUyOSUzQiUwQSUyMCUyMCUyMCUyMCUzQyUyRnNjcmlwdCUzRSUwQSUzQ3N0eWxlJTNFJTBBLnZlbG9jb3JuZXJfbWVtYmVyX2Jpa2VzX2FwcCUyMCU3QiUwQSUyMCUyMCUyMCUyMGNvbG9yJTNBJTIwJTIzM2Y0YTZmJTNCJTBBJTIwJTIwJTIwJTIwbWF4LXdpZHRoJTNBJTIwMTAwJTI1JTNCJTBBJTIwJTIwJTIwJTIwbWFyZ2luJTNBJTIwMCUyMGF1dG8lM0IlMEElMjAlMjAlMjAlMjBmb250LWZhbWlseSUzQSUyMCUyN1NvdXJjZSUyMFNhbnMlMjBQcm8lMjclMkNzYW5zLXNlcmlmJTNCJTBBJTdEJTBBLnZlbG9jb3JuZXItZmlsdGVyLWNvbnQlMjAuY2F0ZWdvcnktc3dpdGNoZXMtY29udCUyMGEuYWN0aXZlJTIwJTdCJTBBJTIwJTIwJTIwJTIwYm9yZGVyJTNBJTIwbm9uZSUzQiUwQSUyMCUyMCUyMCUyMGNvbG9yJTNBJTIwJTIzZmZmZmZmJTNCJTBBJTIwJTIwJTIwJTIwZm9udC13ZWlnaHQlM0ElMjA3MDAlM0IlMEElMjAlMjAlMjAlMjBib3JkZXItcmFkaXVzJTNBJTIwMjBweCUzQiUwQSUyMCUyMCUyMCUyMGJhY2tncm91bmQtY29sb3IlM0ElMjAlMjMzZjRhNmYlM0IlMEElMjAlMjAlMjAlMjBib3JkZXIlM0ElMjAxcHglMjBzb2xpZCUyMCUyM2RlZTJlNiUzQiUwQSUyMCUyMCUyMCUyMG1hcmdpbi1yaWdodCUzQSUyMDEwcHglM0IlMEElN0QlMEEudmVsb2Nvcm5lci1maWx0ZXItY29udCUyMC5jYXRlZ29yeS1zd2l0Y2hlcy1jb250JTIwYSUyMCU3QiUwQSUyMCUyMCUyMCUyMGRpc3BsYXklM0ElMjBpbmxpbmUtYmxvY2slM0IlMEElMjAlMjAlMjAlMjBmbGV4LWdyb3clM0ElMjAxJTNCJTBBJTIwJTIwJTIwJTIwcGFkZGluZyUzQSUyMDdweCUzQiUwQSUyMCUyMCUyMCUyMGZvbnQtc2l6ZSUzQSUyMDE2cHglM0IlMEElMjAlMjAlMjAlMjB0ZXh0LWFsaWduJTNBJTIwY2VudGVyJTNCJTBBJTIwJTIwJTIwJTIwdGV4dC1kZWNvcmF0aW9uJTNBJTIwbm9uZSUzQiUwQSUyMCUyMCUyMCUyMGNvbG9yJTNBJTIwJTIzM2Y0YTZmJTNCJTBBJTIwJTIwJTIwJTIwYm9yZGVyLXJhZGl1cyUzQSUyMDIwcHglM0IlMEElMjAlMjAlMjAlMjBiYWNrZ3JvdW5kLWNvbG9yJTNBJTIwJTIzZmZmZmZmJTNCJTBBJTIwJTIwJTIwJTIwYm9yZGVyJTNBJTIwMXB4JTIwc29saWQlMjAlMjNkZWUyZTYlM0IlMEElMjAlMjAlMjAlMjBtYXJnaW4tcmlnaHQlM0ElMjAxMHB4JTNCJTBBJTdEJTBBLnZlbG9jb3JuZXItbGlzdGluZy1ibG9jayUyMC52LWNhcmQlMjAlN0IlMEElMjAlMjAlMjAlMjBwb3NpdGlvbiUzQSUyMHJlbGF0aXZlJTNCJTBBJTIwJTIwJTIwJTIwZGlzcGxheSUzQSUyMGZsZXglM0IlMEElMjAlMjAlMjAlMjBmbGV4LXdyYXAlM0ElMjB3cmFwJTNCJTBBJTIwJTIwJTIwJTIwZmxleCUzQSUyMDAlMjAxJTIwY2FsYyUyODI1JTI1JTIwLSUyMDE1cHglMjAlMkElMjAyJTI5JTNCJTBBJTIwJTIwJTIwJTIwZmxleC1kaXJlY3Rpb24lM0ElMjBjb2x1bW4lM0IlMEElMjAlMjAlMjAlMjBtYXJnaW4lM0ElMjAwJTIwMTVweCUyMDMwcHglM0IlMEElMjAlMjAlMjAlMjBib3JkZXItcmFkaXVzJTNBJTIwOHB4JTNCJTBBJTIwJTIwJTIwJTIwb3ZlcmZsb3clM0ElMjBoaWRkZW4lM0IlMEElMjAlMjAlMjAlMjBiYWNrZ3JvdW5kLWNvbG9yJTNBJTIwJTIzZjJmMmYyJTNCJTBBJTIwJTIwJTIwJTIwb3V0bGluZSUzQSUyMDJweCUyMHNvbGlkJTIwcmdiYSUyODI0MiUyQzI0MiUyQzI0MiUyQzElMjklM0IlMEElN0QlMEElM0MlMkZzdHlsZSUzRQ==[\/vc_raw_html][\/vc_column][\/vc_row][mk_page_section layout_structure=&#8221;half_right&#8221; bg_image=&#8221;https:\/\/www.daetwyler-sports-villars.ch\/wp-content\/uploads\/2021\/06\/e-vtt-full-1.jpg&#8221; bg_color=&#8221;#222222&#8243; min_height=&#8221;600&#8243; full_width=&#8221;true&#8221; js_vertical_centered=&#8221;true&#8221; padding_top=&#8221;0&#8243; padding_bottom=&#8221;0&#8243;][vc_column css=&#8221;.vc_custom_1513247100844{padding-top: 25px !important;padding-right: 30px [&hellip;]<\/p>\n","protected":false},"author":7,"featured_media":0,"parent":0,"menu_order":0,"comment_status":"closed","ping_status":"closed","template":"","meta":{"footnotes":""},"yoast_head":"<!-- This site is optimized with the Yoast SEO plugin v22.8 - https:\/\/yoast.com\/wordpress\/plugins\/seo\/ -->\n<title>Mountain for sale in Villars | Daetwyler Sports<\/title>\n<meta name=\"description\" content=\"You want to buy a new bike? We have what you need! We have several brands of bikes : ORBEA, BIXS , WHEELER and MUSTANG.\" \/>\n<meta name=\"robots\" content=\"index, follow, max-snippet:-1, max-image-preview:large, max-video-preview:-1\" \/>\n<link rel=\"canonical\" href=\"https:\/\/www.daetwyler-sports-villars.ch\/vente-velo\/\" \/>\n<meta property=\"og:locale\" content=\"en_US\" \/>\n<meta property=\"og:type\" content=\"article\" \/>\n<meta property=\"og:title\" content=\"Mountain for sale in Villars | Daetwyler Sports\" \/>\n<meta property=\"og:description\" content=\"You want to buy a new bike? We have what you need! We have several brands of bikes : ORBEA, BIXS , WHEELER and MUSTANG.\" \/>\n<meta property=\"og:url\" content=\"https:\/\/www.daetwyler-sports-villars.ch\/vente-velo\/\" \/>\n<meta property=\"og:site_name\" content=\"Daetwyler Sports\" \/>\n<meta property=\"article:modified_time\" content=\"2023-08-30T14:45:59+00:00\" \/>\n<meta name=\"twitter:card\" content=\"summary_large_image\" \/>\n<meta name=\"twitter:label1\" content=\"Est. reading time\" \/>\n\t<meta name=\"twitter:data1\" content=\"1 minute\" \/>\n<script type=\"application\/ld+json\" class=\"yoast-schema-graph\">{\"@context\":\"https:\/\/schema.org\",\"@graph\":[{\"@type\":\"WebPage\",\"@id\":\"https:\/\/www.daetwyler-sports-villars.ch\/vente-velo\/\",\"url\":\"https:\/\/www.daetwyler-sports-villars.ch\/vente-velo\/\",\"name\":\"Mountain for sale in Villars | Daetwyler Sports\",\"isPartOf\":{\"@id\":\"https:\/\/www.daetwyler-sports-villars.ch\/#website\"},\"datePublished\":\"2021-05-05T18:05:45+00:00\",\"dateModified\":\"2023-08-30T14:45:59+00:00\",\"description\":\"You want to buy a new bike? We have what you need! We have several brands of bikes : ORBEA, BIXS , WHEELER and MUSTANG.\",\"breadcrumb\":{\"@id\":\"https:\/\/www.daetwyler-sports-villars.ch\/vente-velo\/#breadcrumb\"},\"inLanguage\":\"en-US\",\"potentialAction\":[{\"@type\":\"ReadAction\",\"target\":[\"https:\/\/www.daetwyler-sports-villars.ch\/vente-velo\/\"]}]},{\"@type\":\"BreadcrumbList\",\"@id\":\"https:\/\/www.daetwyler-sports-villars.ch\/vente-velo\/#breadcrumb\",\"itemListElement\":[{\"@type\":\"ListItem\",\"position\":1,\"name\":\"Accueil\",\"item\":\"https:\/\/www.daetwyler-sports-villars.ch\/en\/\"},{\"@type\":\"ListItem\",\"position\":2,\"name\":\"Bike sales\"}]},{\"@type\":\"WebSite\",\"@id\":\"https:\/\/www.daetwyler-sports-villars.ch\/#website\",\"url\":\"https:\/\/www.daetwyler-sports-villars.ch\/\",\"name\":\"Daetwyler Sports\",\"description\":\"Des passionn\u00e9es de sports \u00e0 votre \u00e9coute\",\"potentialAction\":[{\"@type\":\"SearchAction\",\"target\":{\"@type\":\"EntryPoint\",\"urlTemplate\":\"https:\/\/www.daetwyler-sports-villars.ch\/?s={search_term_string}\"},\"query-input\":\"required name=search_term_string\"}],\"inLanguage\":\"en-US\"}]}<\/script>\n<!-- \/ Yoast SEO plugin. -->","yoast_head_json":{"title":"Mountain for sale in Villars | Daetwyler Sports","description":"You want to buy a new bike? We have what you need! We have several brands of bikes : ORBEA, BIXS , WHEELER and MUSTANG.","robots":{"index":"index","follow":"follow","max-snippet":"max-snippet:-1","max-image-preview":"max-image-preview:large","max-video-preview":"max-video-preview:-1"},"canonical":"https:\/\/www.daetwyler-sports-villars.ch\/vente-velo\/","og_locale":"en_US","og_type":"article","og_title":"Mountain for sale in Villars | Daetwyler Sports","og_description":"You want to buy a new bike? We have what you need! We have several brands of bikes : ORBEA, BIXS , WHEELER and MUSTANG.","og_url":"https:\/\/www.daetwyler-sports-villars.ch\/vente-velo\/","og_site_name":"Daetwyler Sports","article_modified_time":"2023-08-30T14:45:59+00:00","twitter_card":"summary_large_image","twitter_misc":{"Est. reading time":"1 minute"},"schema":{"@context":"https:\/\/schema.org","@graph":[{"@type":"WebPage","@id":"https:\/\/www.daetwyler-sports-villars.ch\/vente-velo\/","url":"https:\/\/www.daetwyler-sports-villars.ch\/vente-velo\/","name":"Mountain for sale in Villars | Daetwyler Sports","isPartOf":{"@id":"https:\/\/www.daetwyler-sports-villars.ch\/#website"},"datePublished":"2021-05-05T18:05:45+00:00","dateModified":"2023-08-30T14:45:59+00:00","description":"You want to buy a new bike? We have what you need! We have several brands of bikes : ORBEA, BIXS , WHEELER and MUSTANG.","breadcrumb":{"@id":"https:\/\/www.daetwyler-sports-villars.ch\/vente-velo\/#breadcrumb"},"inLanguage":"en-US","potentialAction":[{"@type":"ReadAction","target":["https:\/\/www.daetwyler-sports-villars.ch\/vente-velo\/"]}]},{"@type":"BreadcrumbList","@id":"https:\/\/www.daetwyler-sports-villars.ch\/vente-velo\/#breadcrumb","itemListElement":[{"@type":"ListItem","position":1,"name":"Accueil","item":"https:\/\/www.daetwyler-sports-villars.ch\/en\/"},{"@type":"ListItem","position":2,"name":"Bike sales"}]},{"@type":"WebSite","@id":"https:\/\/www.daetwyler-sports-villars.ch\/#website","url":"https:\/\/www.daetwyler-sports-villars.ch\/","name":"Daetwyler Sports","description":"Des passionn\u00e9es de sports \u00e0 votre \u00e9coute","potentialAction":[{"@type":"SearchAction","target":{"@type":"EntryPoint","urlTemplate":"https:\/\/www.daetwyler-sports-villars.ch\/?s={search_term_string}"},"query-input":"required name=search_term_string"}],"inLanguage":"en-US"}]}},"_links":{"self":[{"href":"https:\/\/www.daetwyler-sports-villars.ch\/en\/wp-json\/wp\/v2\/pages\/2474"}],"collection":[{"href":"https:\/\/www.daetwyler-sports-villars.ch\/en\/wp-json\/wp\/v2\/pages"}],"about":[{"href":"https:\/\/www.daetwyler-sports-villars.ch\/en\/wp-json\/wp\/v2\/types\/page"}],"author":[{"embeddable":true,"href":"https:\/\/www.daetwyler-sports-villars.ch\/en\/wp-json\/wp\/v2\/users\/7"}],"replies":[{"embeddable":true,"href":"https:\/\/www.daetwyler-sports-villars.ch\/en\/wp-json\/wp\/v2\/comments?post=2474"}],"version-history":[{"count":9,"href":"https:\/\/www.daetwyler-sports-villars.ch\/en\/wp-json\/wp\/v2\/pages\/2474\/revisions"}],"predecessor-version":[{"id":2903,"href":"https:\/\/www.daetwyler-sports-villars.ch\/en\/wp-json\/wp\/v2\/pages\/2474\/revisions\/2903"}],"wp:attachment":[{"href":"https:\/\/www.daetwyler-sports-villars.ch\/en\/wp-json\/wp\/v2\/media?parent=2474"}],"curies":[{"name":"wp","href":"https:\/\/api.w.org\/{rel}","templated":true}]}}