{"id":2823,"date":"2022-10-25T10:27:10","date_gmt":"2022-10-25T08:27:10","guid":{"rendered":"https:\/\/www.daetwyler-sports-villars.ch\/?page_id=2823"},"modified":"2024-12-13T15:24:25","modified_gmt":"2024-12-13T14:24:25","slug":"home","status":"publish","type":"page","link":"https:\/\/www.daetwyler-sports-villars.ch\/en\/","title":{"rendered":"Home &#8211; Winter"},"content":{"rendered":"<div class=\"wpb-content-wrapper\">[mk_page_section bg_image=&#8221;https:\/\/www.daetwyler-sports-villars.ch\/wp-content\/uploads\/2024\/12\/daetwyler-desktop-1.jpg&#8221; bg_image_portrait=&#8221;https:\/\/www.daetwyler-sports-villars.ch\/wp-content\/uploads\/2024\/12\/daetwyler-mobile-2.jpg&#8221; bg_position=&#8221;right center&#8221; bg_repeat=&#8221;no-repeat&#8221; bg_stretch=&#8221;true&#8221; full_width=&#8221;true&#8221; full_height=&#8221;true&#8221; padding_top=&#8221;0&#8243; padding_bottom=&#8221;0&#8243; sidebar=&#8221;sidebar-1&#8243;][vc_column][vc_row_inner][vc_column_inner width=&#8221;1\/6&#8243;][\/vc_column_inner][vc_column_inner width=&#8221;1\/6&#8243;][\/vc_column_inner][vc_column_inner width=&#8221;1\/6&#8243;][\/vc_column_inner][vc_column_inner width=&#8221;1\/6&#8243;][\/vc_column_inner][vc_column_inner width=&#8221;1\/6&#8243;][\/vc_column_inner][vc_column_inner width=&#8221;1\/6&#8243;][mk_image src=&#8221;https:\/\/www.daetwyler-sports-villars.ch\/wp-content\/uploads\/2021\/10\/book-online-red.png&#8221; image_size=&#8221;full&#8221; link=&#8221;http:\/\/easyresv3.wintersteiger.at\/index_easyrent.php?shopid=100307&#8243; target=&#8221;_blank&#8221; el_class=&#8221;flottant right&#8221;][\/vc_column_inner][\/vc_row_inner][\/vc_column][\/mk_page_section][mk_page_section layout_structure=&#8221;half_right&#8221; bg_image=&#8221;https:\/\/www.daetwyler-sports-villars.ch\/wp-content\/uploads\/2017\/10\/photo-accueil-site.jpg&#8221; bg_image_portrait=&#8221;https:\/\/www.daetwyler-sports-villars.ch\/wp-content\/uploads\/2017\/12\/daetwyler_mob.jpg&#8221; bg_stretch=&#8221;true&#8221; min_height=&#8221;80vh&#8221; full_width=&#8221;true&#8221; padding_top=&#8221;0&#8243; padding_bottom=&#8221;0&#8243;][vc_column css=&#8221;.vc_custom_1510261180978{margin-right: 0px !important;margin-left: 0px !important;border-right-width: 0px !important;border-left-width: 0px !important;padding-right: 0px !important;padding-left: 0px !important;}&#8221;][vc_row_inner attached=&#8221;true&#8221; css=&#8221;.vc_custom_1633958148498{margin-right: 0px !important;margin-left: 0px !important;border-right-width: 0px !important;border-left-width: 0px !important;padding-right: 10px !important;padding-bottom: 10px !important;padding-left: 10px !important;}&#8221;][vc_column_inner el_class=&#8221;texte&#8221;][mk_padding_divider size=&#8221;60&#8243;][mk_fancy_title color=&#8221;#000000&#8243; size=&#8221;25&#8243; margin_top=&#8221;&#8221; margin_bottom=&#8221;&#8221; font_family=&#8221;Montserrat&#8221; font_type=&#8221;google&#8221; align=&#8221;center&#8221;]\n<p id=\"tw-target-text\" class=\"tw-data-text tw-text-large XcVN5d tw-ta\" dir=\"ltr\" data-placeholder=\"Traduction\"><span class=\"Y2IQFc\" lang=\"en\">Sports enthusiasts at your service, a wide choice of equipment and guaranteed fun on the slopes!<\/span><\/p>\n[\/mk_fancy_title][mk_padding_divider][mk_button_gradient dimension=&#8221;flat&#8221; size=&#8221;medium&#8221; grandient_color_from=&#8221;#dd3333&#8243; grandient_color_to=&#8221;#dd3333&#8243; url=&#8221;https:\/\/easyresv3.wintersteiger.at\/index_easyrent.php?shopid=100307&#8243; target=&#8221;_blank&#8221; align=&#8221;center&#8221;]Reserve my equipment[\/mk_button_gradient][\/vc_column_inner][\/vc_row_inner][vc_row_inner attached=&#8221;true&#8221; css=&#8221;.vc_custom_1510309606472{margin-right: 0px !important;margin-left: 0px !important;border-right-width: 0px !important;border-left-width: 0px !important;padding-right: 0px !important;padding-left: 0px !important;}&#8221;][vc_column_inner width=&#8221;1\/2&#8243; css=&#8221;.vc_custom_1510309696173{margin-right: 0px !important;margin-left: 0px !important;border-right-width: 0px !important;border-left-width: 0px !important;padding-top: 55px !important;padding-right: 0px !important;padding-bottom: 33px !important;padding-left: 0px !important;background-color: #000000 !important;}&#8221;][mk_image src=&#8221;https:\/\/www.daetwyler-sports-villars.ch\/wp-content\/uploads\/2017\/10\/location-vente-ski-villars-sur-ollon.png&#8221; image_size=&#8221;full&#8221; align=&#8221;center&#8221; el_class=&#8221;icone-home&#8221;][mk_fancy_title color=&#8221;#ffffff&#8221; size=&#8221;18&#8243; margin_top=&#8221;15&#8243; margin_bottom=&#8221;15&#8243; font_family=&#8221;none&#8221; align=&#8221;center&#8221;]Rentals &amp; Sales[\/mk_fancy_title][mk_button dimension=&#8221;flat&#8221; url=&#8221;https:\/\/www.daetwyler-sports-villars.ch\/location-vente\/&#8221; align=&#8221;center&#8221; margin_right=&#8221;0&#8243; bg_color=&#8221;#dd3333&#8243;]Read more[\/mk_button][\/vc_column_inner][vc_column_inner width=&#8221;1\/2&#8243; css=&#8221;.vc_custom_1510309703934{margin-right: 0px !important;margin-left: 0px !important;border-right-width: 0px !important;border-left-width: 0px !important;padding-top: 55px !important;padding-right: 0px !important;padding-bottom: 33px !important;padding-left: 0px !important;background-color: #df0816 !important;}&#8221;][mk_image src=&#8221;https:\/\/www.daetwyler-sports-villars.ch\/wp-content\/uploads\/2017\/10\/consignes-villars-daetwyler.png&#8221; image_size=&#8221;full&#8221; align=&#8221;center&#8221; el_class=&#8221;icone-home&#8221;][mk_fancy_title color=&#8221;#ffffff&#8221; size=&#8221;18&#8243; margin_top=&#8221;15&#8243; margin_bottom=&#8221;15&#8243; font_family=&#8221;none&#8221; align=&#8221;center&#8221;]Ski lockers[\/mk_fancy_title][mk_button dimension=&#8221;flat&#8221; url=&#8221;https:\/\/www.daetwyler-sports-villars.ch\/consigne\/&#8221; align=&#8221;center&#8221; margin_right=&#8221;0&#8243;]Read more[\/mk_button][\/vc_column_inner][\/vc_row_inner][\/vc_column][\/mk_page_section][mk_page_section layout_structure=&#8221;half_left&#8221; bg_image=&#8221;https:\/\/www.daetwyler-sports-villars.ch\/wp-content\/uploads\/2017\/10\/daetwyler-sport-villars-boot-fitting.jpg&#8221; bg_stretch=&#8221;true&#8221; min_height=&#8221;80vh&#8221; full_width=&#8221;true&#8221; padding_top=&#8221;0&#8243; padding_bottom=&#8221;0&#8243;][vc_column css=&#8221;.vc_custom_1633959482787{margin-right: 0px !important;margin-left: 0px !important;border-right-width: 0px !important;border-left-width: 0px !important;padding-right: 0px !important;padding-left: 0px !important;}&#8221;][vc_row_inner attached=&#8221;true&#8221; css=&#8221;.vc_custom_1633960852912{margin-right: 0px !important;margin-left: 0px !important;border-right-width: 0px !important;border-left-width: 0px !important;padding-top: 20px !important;padding-right: 0px !important;padding-bottom: 0px !important;padding-left: 0px !important;}&#8221;][vc_column_inner el_class=&#8221;velo&#8221; css=&#8221;.vc_custom_1633960815877{padding-top: 20px !important;padding-bottom: 20px !important;}&#8221;][mk_fancy_title color=&#8221;#000000&#8243; size=&#8221;25&#8243; margin_top=&#8221;15&#8243; margin_bottom=&#8221;15&#8243; font_family=&#8221;none&#8221; align=&#8221;center&#8221;]Our partner brands[\/mk_fancy_title][vc_images_carousel images=&#8221;2695,2202,2634,2636,2638,2640,2644,2646,2648&#8243; img_size=&#8221;&#8221; onclick=&#8221;link_no&#8221; speed=&#8221;2000&#8243; slides_per_view=&#8221;3&#8243; autoplay=&#8221;yes&#8221; hide_pagination_control=&#8221;yes&#8221; hide_prev_next_buttons=&#8221;yes&#8221; wrap=&#8221;yes&#8221; css=&#8221;.vc_custom_1635233680908{margin-top: 30px !important;margin-bottom: -20px !important;}&#8221; el_class=&#8221;align-center&#8221;][\/vc_column_inner][\/vc_row_inner][vc_row_inner attached=&#8221;true&#8221; css=&#8221;.vc_custom_1510309606472{margin-right: 0px !important;margin-left: 0px !important;border-right-width: 0px !important;border-left-width: 0px !important;padding-right: 0px !important;padding-left: 0px !important;}&#8221;][vc_column_inner width=&#8221;1\/2&#8243; css=&#8221;.vc_custom_1510310775147{margin-right: 0px !important;margin-left: 0px !important;border-right-width: 0px !important;border-left-width: 0px !important;padding-top: 55px !important;padding-right: 0px !important;padding-bottom: 35px !important;padding-left: 0px !important;background-color: #000000 !important;}&#8221;][mk_image src=&#8221;https:\/\/www.daetwyler-sports-villars.ch\/wp-content\/uploads\/2017\/10\/boot-fitting-ski-datwyler-sports.png&#8221; image_size=&#8221;full&#8221; align=&#8221;center&#8221;][mk_fancy_title color=&#8221;#ffffff&#8221; size=&#8221;18&#8243; margin_top=&#8221;13&#8243; margin_bottom=&#8221;15&#8243; font_family=&#8221;none&#8221; align=&#8221;center&#8221;]Boot-Fitting[\/mk_fancy_title][mk_button dimension=&#8221;flat&#8221; url=&#8221;https:\/\/www.daetwyler-sports-villars.ch\/boot-fitting\/&#8221; align=&#8221;center&#8221; margin_right=&#8221;0&#8243;]Read more[\/mk_button][\/vc_column_inner][vc_column_inner width=&#8221;1\/2&#8243; css=&#8221;.vc_custom_1510310886737{margin-right: 0px !important;margin-left: 0px !important;border-right-width: 0px !important;border-left-width: 0px !important;padding-top: 55px !important;padding-right: 0px !important;padding-bottom: 33px !important;padding-left: 0px !important;background-color: #df0816 !important;}&#8221;][mk_image src=&#8221;https:\/\/www.daetwyler-sports-villars.ch\/wp-content\/uploads\/2017\/10\/atelier-reparation-ski-entretien-villars.png&#8221; image_size=&#8221;full&#8221; align=&#8221;center&#8221;][mk_fancy_title color=&#8221;#ffffff&#8221; size=&#8221;18&#8243; margin_top=&#8221;15&#8243; margin_bottom=&#8221;15&#8243; font_family=&#8221;none&#8221; align=&#8221;center&#8221;]Ski tuning &amp; Workshop[\/mk_fancy_title][mk_button dimension=&#8221;flat&#8221; url=&#8221;https:\/\/www.daetwyler-sports-villars.ch\/atelier-de-reparation-entretien\/&#8221; align=&#8221;center&#8221; margin_right=&#8221;0&#8243;]Read more[\/mk_button][\/vc_column_inner][\/vc_row_inner][\/vc_column][\/mk_page_section][mk_page_section layout_structure=&#8221;half_right&#8221; bg_image=&#8221;https:\/\/www.daetwyler-sports-villars.ch\/wp-content\/uploads\/2018\/05\/randonnee-hike-villars-daetwyler-sports.jpg&#8221; bg_stretch=&#8221;true&#8221; min_height=&#8221;80vh&#8221; full_width=&#8221;true&#8221; padding_top=&#8221;0&#8243; padding_bottom=&#8221;0&#8243;][vc_column css=&#8221;.vc_custom_1510261180978{margin-right: 0px !important;margin-left: 0px !important;border-right-width: 0px !important;border-left-width: 0px !important;padding-right: 0px !important;padding-left: 0px !important;}&#8221;][vc_row_inner attached=&#8221;true&#8221; css=&#8221;.vc_custom_1619703991016{margin-top: 0px !important;margin-right: 0px !important;margin-left: 0px !important;border-right-width: 0px !important;border-left-width: 0px !important;padding-right: 0px !important;padding-left: 0px !important;}&#8221;][vc_column_inner width=&#8221;1\/2&#8243; css=&#8221;.vc_custom_1619704029325{margin-right: 0px !important;margin-left: 0px !important;border-right-width: 0px !important;border-left-width: 0px !important;padding-top: 55px !important;padding-right: 0px !important;padding-bottom: 35px !important;padding-left: 0px !important;background-color: #0a0a0a !important;}&#8221;][mk_image src=&#8221;https:\/\/www.daetwyler-sports-villars.ch\/wp-content\/uploads\/2017\/10\/polo-shirt.png&#8221; image_size=&#8221;full&#8221; align=&#8221;center&#8221;][mk_fancy_title color=&#8221;#ffffff&#8221; size=&#8221;18&#8243; margin_top=&#8221;15&#8243; margin_bottom=&#8221;15&#8243; font_family=&#8221;none&#8221; align=&#8221;center&#8221;]Sportswear[\/mk_fancy_title][mk_button dimension=&#8221;flat&#8221; url=&#8221;https:\/\/www.daetwyler-sports-villars.ch\/sportwear\/&#8221; align=&#8221;center&#8221; margin_right=&#8221;0&#8243;]Read more[\/mk_button][\/vc_column_inner][vc_column_inner width=&#8221;1\/2&#8243; css=&#8221;.vc_custom_1619703739923{margin-right: 0px !important;margin-left: 0px !important;border-right-width: 0px !important;border-left-width: 0px !important;padding-top: 55px !important;padding-right: 0px !important;padding-bottom: 35px !important;padding-left: 0px !important;background-color: #df0816 !important;}&#8221;][mk_image src=&#8221;https:\/\/www.daetwyler-sports-villars.ch\/wp-content\/uploads\/2017\/10\/swiss-army-knife1.png&#8221; image_size=&#8221;full&#8221; align=&#8221;center&#8221;][mk_fancy_title color=&#8221;#ffffff&#8221; size=&#8221;18&#8243; margin_top=&#8221;15&#8243; margin_bottom=&#8221;15&#8243; font_family=&#8221;none&#8221; align=&#8221;center&#8221;]Gifts-Souvenirs[\/mk_fancy_title][mk_button dimension=&#8221;flat&#8221; url=&#8221;https:\/\/www.daetwyler-sports-villars.ch\/bazar-souvenirs\/&#8221; align=&#8221;center&#8221; margin_right=&#8221;0&#8243;]Read more[\/mk_button][\/vc_column_inner][\/vc_row_inner][vc_row_inner attached=&#8221;true&#8221; css=&#8221;.vc_custom_1510311470399{margin-right: 0px !important;margin-left: 0px !important;border-right-width: 0px !important;border-left-width: 0px !important;padding-top: 3vh !important;padding-right: 0px !important;padding-left: 0px !important;}&#8221;][vc_column_inner el_class=&#8221;velo&#8221;][mk_image src=&#8221;https:\/\/www.daetwyler-sports-villars.ch\/wp-content\/uploads\/2017\/10\/bicycle-1.png&#8221; image_size=&#8221;full&#8221; align=&#8221;center&#8221; margin_bottom=&#8221;-50&#8243; el_class=&#8221;velo&#8221;][\/vc_column_inner][\/vc_row_inner][mk_fancy_title color=&#8221;#000000&#8243; size=&#8221;18&#8243; margin_top=&#8221;0.&#8221; margin_bottom=&#8221;0&#8243; font_family=&#8221;none&#8221; align=&#8221;center&#8221;]Mountain Biking[\/mk_fancy_title][mk_button_gradient dimension=&#8221;flat&#8221; size=&#8221;medium&#8221; grandient_color_from=&#8221;#000000&#8243; grandient_color_to=&#8221;#000000&#8243; url=&#8221;https:\/\/www.daetwyler-sports-villars.ch\/vtt\/&#8221; align=&#8221;center&#8221; margin_bottom=&#8221;50&#8243; el_class=&#8221;velo-but&#8221;]Read more[\/mk_button_gradient][\/vc_column][\/mk_page_section]\n<\/div>","protected":false},"excerpt":{"rendered":"<p>[mk_page_section bg_image=&#8221;https:\/\/www.daetwyler-sports-villars.ch\/wp-content\/uploads\/2024\/12\/daetwyler-desktop-1.jpg&#8221; bg_image_portrait=&#8221;https:\/\/www.daetwyler-sports-villars.ch\/wp-content\/uploads\/2024\/12\/daetwyler-mobile-2.jpg&#8221; bg_position=&#8221;right center&#8221; bg_repeat=&#8221;no-repeat&#8221; bg_stretch=&#8221;true&#8221; full_width=&#8221;true&#8221; full_height=&#8221;true&#8221; padding_top=&#8221;0&#8243; padding_bottom=&#8221;0&#8243; sidebar=&#8221;sidebar-1&#8243;][vc_column][vc_row_inner][vc_column_inner width=&#8221;1\/6&#8243;][\/vc_column_inner][vc_column_inner width=&#8221;1\/6&#8243;][\/vc_column_inner][vc_column_inner width=&#8221;1\/6&#8243;][\/vc_column_inner][vc_column_inner width=&#8221;1\/6&#8243;][\/vc_column_inner][vc_column_inner width=&#8221;1\/6&#8243;][\/vc_column_inner][vc_column_inner width=&#8221;1\/6&#8243;][mk_image src=&#8221;https:\/\/www.daetwyler-sports-villars.ch\/wp-content\/uploads\/2021\/10\/book-online-red.png&#8221; image_size=&#8221;full&#8221; link=&#8221;http:\/\/easyresv3.wintersteiger.at\/index_easyrent.php?shopid=100307&#8243; target=&#8221;_blank&#8221; el_class=&#8221;flottant right&#8221;][\/vc_column_inner][\/vc_row_inner][\/vc_column][\/mk_page_section][mk_page_section layout_structure=&#8221;half_right&#8221; bg_image=&#8221;https:\/\/www.daetwyler-sports-villars.ch\/wp-content\/uploads\/2017\/10\/photo-accueil-site.jpg&#8221; bg_image_portrait=&#8221;https:\/\/www.daetwyler-sports-villars.ch\/wp-content\/uploads\/2017\/12\/daetwyler_mob.jpg&#8221; bg_stretch=&#8221;true&#8221; min_height=&#8221;80vh&#8221; full_width=&#8221;true&#8221; padding_top=&#8221;0&#8243; padding_bottom=&#8221;0&#8243;][vc_column css=&#8221;.vc_custom_1510261180978{margin-right: 0px !important;margin-left: 0px !important;border-right-width: 0px !important;border-left-width: 0px !important;padding-right: 0px !important;padding-left: 0px !important;}&#8221;][vc_row_inner attached=&#8221;true&#8221; css=&#8221;.vc_custom_1633958148498{margin-right: 0px !important;margin-left: 0px !important;border-right-width: 0px !important;border-left-width: 0px !important;padding-right: [&hellip;]<\/p>\n","protected":false},"author":5,"featured_media":0,"parent":0,"menu_order":0,"comment_status":"closed","ping_status":"closed","template":"","meta":{"footnotes":""},"yoast_head":"<!-- This site is optimized with the Yoast SEO plugin v22.8 - https:\/\/yoast.com\/wordpress\/plugins\/seo\/ -->\n<title>Ski and mountain bike rental and sales in Villars | Daetwyler Sport<\/title>\n<meta name=\"description\" content=\"Daetwyler Sports is your sports partner for the rental\/sale of skis and mountain bikes, sportswear, accessories and souvenirs. Come and visit us !\" \/>\n<meta name=\"robots\" content=\"index, follow, max-snippet:-1, max-image-preview:large, max-video-preview:-1\" \/>\n<link rel=\"canonical\" href=\"https:\/\/www.daetwyler-sports-villars.ch\/en\/\" \/>\n<meta property=\"og:locale\" content=\"en_US\" \/>\n<meta property=\"og:type\" content=\"article\" \/>\n<meta property=\"og:title\" content=\"Ski and mountain bike rental and sales in Villars | Daetwyler Sport\" \/>\n<meta property=\"og:description\" content=\"Daetwyler Sports is your sports partner for the rental\/sale of skis and mountain bikes, sportswear, accessories and souvenirs. Come and visit us !\" \/>\n<meta property=\"og:url\" content=\"https:\/\/www.daetwyler-sports-villars.ch\/en\/\" \/>\n<meta property=\"og:site_name\" content=\"Daetwyler Sports\" \/>\n<meta property=\"article:modified_time\" content=\"2024-12-13T14:24:25+00:00\" \/>\n<meta name=\"twitter:card\" content=\"summary_large_image\" \/>\n<meta name=\"twitter:label1\" content=\"Est. reading time\" \/>\n\t<meta name=\"twitter:data1\" content=\"5 minutes\" \/>\n<script type=\"application\/ld+json\" class=\"yoast-schema-graph\">{\"@context\":\"https:\/\/schema.org\",\"@graph\":[{\"@type\":\"WebPage\",\"@id\":\"https:\/\/www.daetwyler-sports-villars.ch\/en\/\",\"url\":\"https:\/\/www.daetwyler-sports-villars.ch\/en\/\",\"name\":\"Ski and mountain bike rental and sales in Villars | Daetwyler Sport\",\"isPartOf\":{\"@id\":\"https:\/\/www.daetwyler-sports-villars.ch\/#website\"},\"datePublished\":\"2022-10-25T08:27:10+00:00\",\"dateModified\":\"2024-12-13T14:24:25+00:00\",\"description\":\"Daetwyler Sports is your sports partner for the rental\/sale of skis and mountain bikes, sportswear, accessories and souvenirs. Come and visit us !\",\"breadcrumb\":{\"@id\":\"https:\/\/www.daetwyler-sports-villars.ch\/en\/#breadcrumb\"},\"inLanguage\":\"en-US\",\"potentialAction\":[{\"@type\":\"ReadAction\",\"target\":[\"https:\/\/www.daetwyler-sports-villars.ch\/en\/\"]}]},{\"@type\":\"BreadcrumbList\",\"@id\":\"https:\/\/www.daetwyler-sports-villars.ch\/en\/#breadcrumb\",\"itemListElement\":[{\"@type\":\"ListItem\",\"position\":1,\"name\":\"Accueil\",\"item\":\"https:\/\/www.daetwyler-sports-villars.ch\/en\/\"},{\"@type\":\"ListItem\",\"position\":2,\"name\":\"Home &#8211; Winter\"}]},{\"@type\":\"WebSite\",\"@id\":\"https:\/\/www.daetwyler-sports-villars.ch\/#website\",\"url\":\"https:\/\/www.daetwyler-sports-villars.ch\/\",\"name\":\"Daetwyler Sports\",\"description\":\"Des passionn\u00e9es de sports \u00e0 votre \u00e9coute\",\"potentialAction\":[{\"@type\":\"SearchAction\",\"target\":{\"@type\":\"EntryPoint\",\"urlTemplate\":\"https:\/\/www.daetwyler-sports-villars.ch\/?s={search_term_string}\"},\"query-input\":\"required name=search_term_string\"}],\"inLanguage\":\"en-US\"}]}<\/script>\n<!-- \/ Yoast SEO plugin. -->","yoast_head_json":{"title":"Ski and mountain bike rental and sales in Villars | Daetwyler Sport","description":"Daetwyler Sports is your sports partner for the rental\/sale of skis and mountain bikes, sportswear, accessories and souvenirs. Come and visit us !","robots":{"index":"index","follow":"follow","max-snippet":"max-snippet:-1","max-image-preview":"max-image-preview:large","max-video-preview":"max-video-preview:-1"},"canonical":"https:\/\/www.daetwyler-sports-villars.ch\/en\/","og_locale":"en_US","og_type":"article","og_title":"Ski and mountain bike rental and sales in Villars | Daetwyler Sport","og_description":"Daetwyler Sports is your sports partner for the rental\/sale of skis and mountain bikes, sportswear, accessories and souvenirs. Come and visit us !","og_url":"https:\/\/www.daetwyler-sports-villars.ch\/en\/","og_site_name":"Daetwyler Sports","article_modified_time":"2024-12-13T14:24:25+00:00","twitter_card":"summary_large_image","twitter_misc":{"Est. reading time":"5 minutes"},"schema":{"@context":"https:\/\/schema.org","@graph":[{"@type":"WebPage","@id":"https:\/\/www.daetwyler-sports-villars.ch\/en\/","url":"https:\/\/www.daetwyler-sports-villars.ch\/en\/","name":"Ski and mountain bike rental and sales in Villars | Daetwyler Sport","isPartOf":{"@id":"https:\/\/www.daetwyler-sports-villars.ch\/#website"},"datePublished":"2022-10-25T08:27:10+00:00","dateModified":"2024-12-13T14:24:25+00:00","description":"Daetwyler Sports is your sports partner for the rental\/sale of skis and mountain bikes, sportswear, accessories and souvenirs. Come and visit us !","breadcrumb":{"@id":"https:\/\/www.daetwyler-sports-villars.ch\/en\/#breadcrumb"},"inLanguage":"en-US","potentialAction":[{"@type":"ReadAction","target":["https:\/\/www.daetwyler-sports-villars.ch\/en\/"]}]},{"@type":"BreadcrumbList","@id":"https:\/\/www.daetwyler-sports-villars.ch\/en\/#breadcrumb","itemListElement":[{"@type":"ListItem","position":1,"name":"Accueil","item":"https:\/\/www.daetwyler-sports-villars.ch\/en\/"},{"@type":"ListItem","position":2,"name":"Home &#8211; Winter"}]},{"@type":"WebSite","@id":"https:\/\/www.daetwyler-sports-villars.ch\/#website","url":"https:\/\/www.daetwyler-sports-villars.ch\/","name":"Daetwyler Sports","description":"Des passionn\u00e9es de sports \u00e0 votre \u00e9coute","potentialAction":[{"@type":"SearchAction","target":{"@type":"EntryPoint","urlTemplate":"https:\/\/www.daetwyler-sports-villars.ch\/?s={search_term_string}"},"query-input":"required name=search_term_string"}],"inLanguage":"en-US"}]}},"_links":{"self":[{"href":"https:\/\/www.daetwyler-sports-villars.ch\/en\/wp-json\/wp\/v2\/pages\/2823"}],"collection":[{"href":"https:\/\/www.daetwyler-sports-villars.ch\/en\/wp-json\/wp\/v2\/pages"}],"about":[{"href":"https:\/\/www.daetwyler-sports-villars.ch\/en\/wp-json\/wp\/v2\/types\/page"}],"author":[{"embeddable":true,"href":"https:\/\/www.daetwyler-sports-villars.ch\/en\/wp-json\/wp\/v2\/users\/5"}],"replies":[{"embeddable":true,"href":"https:\/\/www.daetwyler-sports-villars.ch\/en\/wp-json\/wp\/v2\/comments?post=2823"}],"version-history":[{"count":6,"href":"https:\/\/www.daetwyler-sports-villars.ch\/en\/wp-json\/wp\/v2\/pages\/2823\/revisions"}],"predecessor-version":[{"id":2931,"href":"https:\/\/www.daetwyler-sports-villars.ch\/en\/wp-json\/wp\/v2\/pages\/2823\/revisions\/2931"}],"wp:attachment":[{"href":"https:\/\/www.daetwyler-sports-villars.ch\/en\/wp-json\/wp\/v2\/media?parent=2823"}],"curies":[{"name":"wp","href":"https:\/\/api.w.org\/{rel}","templated":true}]}}